{"id":1375,"date":"2020-06-08T14:17:22","date_gmt":"2020-06-08T18:17:22","guid":{"rendered":"https:\/\/theearthcube.org\/?page_id=1375"},"modified":"2020-06-22T14:21:56","modified_gmt":"2020-06-22T18:21:56","slug":"connected","status":"publish","type":"page","link":"https:\/\/theearthcube.org\/es\/cube-faces\/connected\/","title":{"rendered":"Hoy lanc\u00e9:"},"content":{"rendered":"\n<div class=\"wp-block-image\"><figure class=\"alignright size-medium\"><img loading=\"lazy\" decoding=\"async\" width=\"300\" height=\"296\" src=\"https:\/\/theearthcube.org\/media\/connected-600-es-300x296.jpg\" alt=\"\" class=\"wp-image-2071\" srcset=\"https:\/\/theearthcube.org\/media\/connected-600-es-300x296.jpg 300w, https:\/\/theearthcube.org\/media\/connected-600-es.jpg 611w\" sizes=\"auto, (max-width: 300px) 100vw, 300px\" \/><\/figure><\/div>\n\n\n\n<h2 class=\"wp-block-heading\"> \u00a1TODOS Estamos Conectados!<\/h2>\n\n\n\n<p>Aunque si no siempre en manera evidente y tangible, todo el planeta est\u00e1 en relaci\u00f3n a todo lo dem\u00e1s \u2013 las ciudades, los bosques, el oc\u00e9ano, el aire. Todo. Cuando algo le sucede a uno, todo y todos a su alrededor se ven afectados, por el bien o el mal. Cuando algo no es sano, tambi\u00e9n todo a su alrededor sufre: un bosque quemado, una corriente contaminada, una monta\u00f1a devastada por las minas. A menudo, es el m\u00e1s vulnerable el que paga el precio.<\/p>\n\n\n\n<p>\u00bfC\u00f3mo ves a ti mismo con el mundo que te<strong> <\/strong>rodea? \u00bfQu\u00e9 puedes hacer hoy para lograr una conexi\u00f3n m\u00e1s fuerte y m\u00e1s real?<\/p>\n\n\n\n<h3 class=\"wp-block-heading\">V\u00edvelo<\/h3>\n\n\n\n<ul class=\"wp-block-list\"><li><span style=\"text-decoration: underline;\">Comprar productos locales<\/span>: podes reducir las emisiones de gases de efecto invernadero provocado por el transporte de productos de los grandes mercados. Ademas, as\u00ed podes colaborar con la econom\u00eda local.<\/li><li><span style=\"text-decoration: underline;\">Plantar flores o un \u00e1rbol<\/span>: puede ser en tu barrio, en la escuela, en el lugar de trabajo, etc.<\/li><li><span style=\"text-decoration: underline;\">No tires basura en lugares p\u00fablicos<\/span>: aguanta! tenela con vos hasta que encuentres un cesto de residuos o hasta que llegues a tu casa.<\/li><li><span style=\"text-decoration: underline;\">Calcula tu Huella de Carbono<\/span>: podes medir la cantidad de gases de efecto invernadero que estas provocando con tu estilo de vida: lo que comes, el transporte que usas, etc. Despu\u00e9s, trata de cambiar alg\u00fan h\u00e1bito para reducer tu huella de carbono. <\/li><\/ul>\n\n\n\n<p><\/p>\n\n\n\n<div class=\"wp-block-columns is-layout-flex wp-container-core-columns-is-layout-9d6595d7 wp-block-columns-is-layout-flex\">\n<div class=\"wp-block-column is-layout-flow wp-block-column-is-layout-flow\">\n<div class=\"circle think\">\n  <div class=\"circle-content\">\n   <p><img decoding=\"async\" src=\"https:\/\/theearthcube.org\/media\/think-white.png\"><\/span>\n\u00bfQu\u00e9 puedo hacer hoy para construir una conexi\u00f3n m\u00e1s positiva?<\/p>\n  <\/div>\n<\/div>\n\n\n\n<p><\/p>\n<\/div>\n\n\n\n<div class=\"wp-block-column is-layout-flow wp-block-column-is-layout-flow\">\n<div class=\"circle\">\n  <div class=\"circle-content\"><div class=\"stat\">1<\/div>One large tree can produce a day\u2019s supply of oxygen for up to 4 <br>people<\/div>\n<\/div>\n<\/div>\n\n\n\n<div class=\"wp-block-column is-layout-flow wp-block-column-is-layout-flow\">\n<div class=\"circle\">\n  <div class=\"circle-content\"><div class=\"stat\">20<\/div>A state shifting to 20% local food purchasing could create over 40k new jobs<\/div>\n<\/div>\n<\/div>\n\n\n\n<div class=\"wp-block-column is-layout-flow wp-block-column-is-layout-flow\">\n<div class=\"circle\">\n  <div class=\"circle-content\">\n   <p><img decoding=\"async\" src=\"https:\/\/theearthcube.org\/media\/grandparents-white.png\">\nSpending time with grandparents increases the <br>well-being of children<\/p>\n  <\/div>\n<\/div>\n<\/div>\n<\/div>\n\n\n\n<div class=\"wp-block-group how-lived\"><div class=\"wp-block-group__inner-container is-layout-flow wp-block-group-is-layout-flow\">\n<div class=\"wp-block-group\"><div class=\"wp-block-group__inner-container is-layout-flow wp-block-group-is-layout-flow\">\n<hr class=\"wp-block-separator\"\/>\n\n\n\n<h3 class=\"wp-block-heading\">\u00bfC\u00f3mo puedo vivir \u00abTodos estamos conectados\u00bb?<\/h3>\n\n\n\n<blockquote class=\"wp-block-quote is-layout-flow wp-block-quote-is-layout-flow\"><p>The Earth Cube \u2013 \u2018We\u2019re All CONNECTED!\u2019 it told me after rolling it today. I realized that I have been leaving my lights on when I leave the house, and so I went around and turned them off before going out for the evening. I even shut down my computer. What I do really does affect others! <\/p><cite> <em>(Nairobi, Kenya)<\/em> <\/cite><\/blockquote>\n\n\n\n<blockquote class=\"wp-block-quote is-layout-flow wp-block-quote-is-layout-flow\"><p>Today on my way to school I found trash and water bottles in the parking lot. I picked up the trash and threw it in the trash can and the water bottle I recycled it in the recycling bin in our school. <\/p><cite> <em>(California, U.S.A)<\/em> <\/cite><\/blockquote>\n\n\n\n<blockquote class=\"wp-block-quote is-layout-flow wp-block-quote-is-layout-flow\"><p>I recycled because I realized that little things like that have an effect on all of us. <\/p><cite> <em>(California, U.S.A.)<\/em> <\/cite><\/blockquote>\n\n\n\n<blockquote class=\"wp-block-quote is-layout-flow wp-block-quote-is-layout-flow\"><p>I smiled and tried to get rid of the grudge i had with my neighbors and i feel healthier physically and emotionally. <\/p><cite> <em>(California, U.S.A.)<\/em> <\/cite><\/blockquote>\n\n\n\n<blockquote class=\"wp-block-quote is-layout-flow wp-block-quote-is-layout-flow\"><p>Ogni settimana preparo con i miei genitori dei pacchi di vestiti vecchi da donare agli altri attraverso il servizio della Caritas. [Every week I prepare with my parents packages of old clothes to give to others through the service of Caritas.]<\/p><cite> <em>(Jose, Brescia, Italy)<\/em> <\/cite><\/blockquote>\n<\/div><\/div>\n<\/div><\/div>\n\n\n\n<hr class=\"wp-block-separator\"\/>\n\n\n\n<div class=\"wp-block-group\"><div class=\"wp-block-group__inner-container is-layout-flow wp-block-group-is-layout-flow\">\n<h2 class=\"wp-block-heading\">Mas ideas!<\/h2>\n\n\n\n<figure class=\"wp-block-gallery columns-6 is-cropped wp-block-gallery-1 is-layout-flex wp-block-gallery-is-layout-flex\"><ul class=\"blocks-gallery-grid\"><li class=\"blocks-gallery-item\"><figure><img loading=\"lazy\" decoding=\"async\" width=\"600\" height=\"593\" src=\"https:\/\/theearthcube.org\/media\/gift-600-es-1.jpg\" alt=\"\" data-id=\"2086\" data-full-url=\"https:\/\/theearthcube.org\/media\/gift-600-es-1.jpg\" data-link=\"https:\/\/theearthcube.org\/es\/cube-faces\/gift\/gift-600-es\/\" class=\"wp-image-2086\" srcset=\"https:\/\/theearthcube.org\/media\/gift-600-es-1.jpg 600w, https:\/\/theearthcube.org\/media\/gift-600-es-1-300x297.jpg 300w\" sizes=\"auto, (max-width: 600px) 100vw, 600px\" \/><\/figure><\/li><li class=\"blocks-gallery-item\"><figure><img loading=\"lazy\" decoding=\"async\" width=\"600\" height=\"593\" src=\"https:\/\/theearthcube.org\/media\/need-600-es.jpg\" alt=\"\" data-id=\"2078\" data-full-url=\"https:\/\/theearthcube.org\/media\/need-600-es.jpg\" data-link=\"https:\/\/theearthcube.org\/es\/cube-faces\/gift\/need-600-es\/\" class=\"wp-image-2078\" srcset=\"https:\/\/theearthcube.org\/media\/need-600-es.jpg 600w, https:\/\/theearthcube.org\/media\/need-600-es-300x297.jpg 300w\" sizes=\"auto, (max-width: 600px) 100vw, 600px\" \/><\/figure><\/li><li class=\"blocks-gallery-item\"><figure><img loading=\"lazy\" decoding=\"async\" width=\"600\" height=\"593\" src=\"https:\/\/theearthcube.org\/media\/smile-600-es.jpg\" alt=\"\" data-id=\"2064\" data-full-url=\"https:\/\/theearthcube.org\/media\/smile-600-es.jpg\" data-link=\"https:\/\/theearthcube.org\/es\/cube-faces\/gift\/smile-600-es\/\" class=\"wp-image-2064\" srcset=\"https:\/\/theearthcube.org\/media\/smile-600-es.jpg 600w, https:\/\/theearthcube.org\/media\/smile-600-es-300x297.jpg 300w\" sizes=\"auto, (max-width: 600px) 100vw, 600px\" \/><\/figure><\/li><li class=\"blocks-gallery-item\"><figure><img loading=\"lazy\" decoding=\"async\" width=\"600\" height=\"593\" src=\"https:\/\/theearthcube.org\/media\/now-600-es.jpg\" alt=\"\" data-id=\"2057\" data-full-url=\"https:\/\/theearthcube.org\/media\/now-600-es.jpg\" data-link=\"https:\/\/theearthcube.org\/es\/cube-faces\/gift\/now-600-es\/\" class=\"wp-image-2057\" srcset=\"https:\/\/theearthcube.org\/media\/now-600-es.jpg 600w, https:\/\/theearthcube.org\/media\/now-600-es-300x297.jpg 300w\" sizes=\"auto, (max-width: 600px) 100vw, 600px\" \/><\/figure><\/li><li class=\"blocks-gallery-item\"><figure><img loading=\"lazy\" decoding=\"async\" width=\"611\" height=\"603\" src=\"https:\/\/theearthcube.org\/media\/connected-600-es.jpg\" alt=\"\" data-id=\"2071\" data-full-url=\"https:\/\/theearthcube.org\/media\/connected-600-es.jpg\" data-link=\"https:\/\/theearthcube.org\/es\/cube-faces\/gift\/connected-600-es\/\" class=\"wp-image-2071\" srcset=\"https:\/\/theearthcube.org\/media\/connected-600-es.jpg 611w, https:\/\/theearthcube.org\/media\/connected-600-es-300x296.jpg 300w\" sizes=\"auto, (max-width: 611px) 100vw, 611px\" \/><\/figure><\/li><li class=\"blocks-gallery-item\"><figure><img loading=\"lazy\" decoding=\"async\" width=\"600\" height=\"593\" src=\"https:\/\/theearthcube.org\/media\/discover-600-es.jpg\" alt=\"\" data-id=\"2050\" data-full-url=\"https:\/\/theearthcube.org\/media\/discover-600-es.jpg\" data-link=\"https:\/\/theearthcube.org\/es\/cube-faces\/gift\/discover-600-es\/\" class=\"wp-image-2050\" srcset=\"https:\/\/theearthcube.org\/media\/discover-600-es.jpg 600w, https:\/\/theearthcube.org\/media\/discover-600-es-300x297.jpg 300w\" sizes=\"auto, (max-width: 600px) 100vw, 600px\" \/><\/figure><\/li><\/ul><\/figure>\n<\/div><\/div>\n","protected":false},"excerpt":{"rendered":"<p>\u00a1TODOS Estamos Conectados! Aunque si no siempre en manera evidente y tangible, todo el planeta est\u00e1 en relaci\u00f3n a todo lo dem\u00e1s \u2013 las ciudades, los bosques, el oc\u00e9ano, el aire. Todo. Cuando algo le sucede a uno, todo y todos a su alrededor se ven afectados, por el bien o el mal. Cuando algo [&hellip;]<\/p>\n","protected":false},"author":3,"featured_media":1236,"parent":170,"menu_order":0,"comment_status":"closed","ping_status":"closed","template":"page_live.php","meta":{"_genesis_hide_title":false,"_genesis_hide_breadcrumbs":false,"_genesis_hide_singular_image":false,"_genesis_hide_footer_widgets":false,"_genesis_custom_body_class":"","_genesis_custom_post_class":"","_genesis_layout":"full-width-content","footnotes":""},"class_list":{"0":"post-1375","1":"page","2":"type-page","3":"status-publish","4":"has-post-thumbnail","6":"entry"},"jetpack_sharing_enabled":true,"_links":{"self":[{"href":"https:\/\/theearthcube.org\/es\/wp-json\/wp\/v2\/pages\/1375","targetHints":{"allow":["GET"]}}],"collection":[{"href":"https:\/\/theearthcube.org\/es\/wp-json\/wp\/v2\/pages"}],"about":[{"href":"https:\/\/theearthcube.org\/es\/wp-json\/wp\/v2\/types\/page"}],"author":[{"embeddable":true,"href":"https:\/\/theearthcube.org\/es\/wp-json\/wp\/v2\/users\/3"}],"replies":[{"embeddable":true,"href":"https:\/\/theearthcube.org\/es\/wp-json\/wp\/v2\/comments?post=1375"}],"version-history":[{"count":3,"href":"https:\/\/theearthcube.org\/es\/wp-json\/wp\/v2\/pages\/1375\/revisions"}],"predecessor-version":[{"id":2114,"href":"https:\/\/theearthcube.org\/es\/wp-json\/wp\/v2\/pages\/1375\/revisions\/2114"}],"up":[{"embeddable":true,"href":"https:\/\/theearthcube.org\/es\/wp-json\/wp\/v2\/pages\/170"}],"wp:featuredmedia":[{"embeddable":true,"href":"https:\/\/theearthcube.org\/es\/wp-json\/wp\/v2\/media\/1236"}],"wp:attachment":[{"href":"https:\/\/theearthcube.org\/es\/wp-json\/wp\/v2\/media?parent=1375"}],"curies":[{"name":"wp","href":"https:\/\/api.w.org\/{rel}","templated":true}]}}