{"id":1390,"date":"2020-06-07T21:22:39","date_gmt":"2020-06-08T01:22:39","guid":{"rendered":"https:\/\/theearthcube.org\/?page_id=1390"},"modified":"2020-06-22T13:58:12","modified_gmt":"2020-06-22T17:58:12","slug":"gift","status":"publish","type":"page","link":"https:\/\/theearthcube.org\/es\/cube-faces\/gift\/","title":{"rendered":"Hoy lanc\u00e9:"},"content":{"rendered":"\n<div class=\"wp-block-image\"><figure class=\"alignright size-medium\"><img loading=\"lazy\" decoding=\"async\" width=\"300\" height=\"297\" src=\"https:\/\/theearthcube.org\/media\/gift-600-es-1-300x297.jpg\" alt=\"\" class=\"wp-image-2086\" srcset=\"https:\/\/theearthcube.org\/media\/gift-600-es-1-300x297.jpg 300w, https:\/\/theearthcube.org\/media\/gift-600-es-1-150x150.jpg 150w, https:\/\/theearthcube.org\/media\/gift-600-es-1.jpg 600w\" sizes=\"auto, (max-width: 300px) 100vw, 300px\" \/><\/figure><\/div>\n\n\n\n<h2 class=\"wp-block-heading\">\u00a1TODO es un Regalo!<\/h2>\n\n\n\n<p>Cada persona, cada cosa, est\u00e1 presente como un regalo para el otro. Si los \u00e1rboles de pino brillan bajo el sol \u2013 es un regalo! Si los arroyos fluyen en relucientes ca\u00eddas \u2013 es un regalo! Si un beb\u00e9 gatea sobre el piso \u2013 \u00a1es un regalo! Cuando empezamos a ver que todo lo que nos rodea tiene algo de valor para ofrecernos, un sentimiento de aprecio y gratitud crece dentro de nosotros. A partir de ah\u00ed, viene una profunda reverencia y respeto por todo lo que existe y el deseo de preservarlo y protegerlo para las generaciones futuras. <\/p>\n\n\n\n<p>\u00bfC\u00f3mo eres tu un regalo para los dem\u00e1s a tu alrededor y para el medio ambiente? \u00bfPuedes descubrir regalos que hasta ahora no hab\u00edas percibido?<\/p>\n\n\n\n<h3 class=\"wp-block-heading\">V\u00edvelo<\/h3>\n\n\n\n<ul class=\"wp-block-list\"><li><span style=\"text-decoration: underline;\">Pausa y reflecci\u00f3n<\/span>: hace un parate..mira la puesta del sol, escucha el canto de los pajaros, sent\u00ed la brisa del viento, acaricia el pasto, las plantas que te rodean.<\/li><li><span style=\"text-decoration: underline;\">Sali a caminar<\/span>:en el camino detenete a observar alg\u00fan insecto: qu\u00e9 forma y colores tiene? D\u00f3nde crees que vive? Vivir\u00e1 en comunidad o solitario?<\/li><li><span style=\"text-decoration: underline;\">Agradece por todo lo que tenes<\/span>: el agua que podes tomar cada d\u00eda, los alimentos, los medicamentos que tenes a disposici\u00f3n. Agradecele a la naturaleza por darnos todas estas cosas. <\/li><\/ul>\n\n\n\n<div class=\"wp-block-columns is-layout-flex wp-container-core-columns-is-layout-9d6595d7 wp-block-columns-is-layout-flex\">\n<div class=\"wp-block-column is-layout-flow wp-block-column-is-layout-flow\">\n<div class=\"circle think\">\n  <div class=\"circle-content\">\n   <p><img decoding=\"async\" src=\"https:\/\/theearthcube.org\/media\/think-white.png\"><\/span>\nHow are you a gift for others and the environment? Are there gifts you don&#8217;t see?<\/p>\n  <\/div>\n<\/div>\n<\/div>\n\n\n\n<div class=\"wp-block-column is-layout-flow wp-block-column-is-layout-flow\">\n<div class=\"circle\">\n  <div class=\"circle-content\"><div class=\"stat\">15%<\/div>Mountains are home to 15% of the world\u2019s population<\/div>\n<\/div>\n<\/div>\n\n\n\n<div class=\"wp-block-column is-layout-flow wp-block-column-is-layout-flow\">\n<div class=\"circle\">\n  <div class=\"circle-content\"><div class=\"stat\">37.2T<\/div>The average human body is made up of 37.2 trillion cells<\/div>\n<\/div>\n<\/div>\n\n\n\n<div class=\"wp-block-column is-layout-flow wp-block-column-is-layout-flow\">\n<div class=\"circle\">\n  <div class=\"circle-content\">\n   <p><img decoding=\"async\" src=\"https:\/\/theearthcube.org\/media\/up-arrow-white.png\"><\/span>\nMany studies have linked GRATITUDE to better health<\/p>\n  <\/div>\n<\/div>\n<\/div>\n<\/div>\n\n\n\n<hr class=\"wp-block-separator\"\/>\n\n\n\n<div class=\"wp-block-group how-lived\"><div class=\"wp-block-group__inner-container is-layout-flow wp-block-group-is-layout-flow\">\n<div class=\"wp-block-group how-lived\"><div class=\"wp-block-group__inner-container is-layout-flow wp-block-group-is-layout-flow\">\n<h3 class=\"wp-block-heading\">\u00bfC\u00f3mo puedo vivirlo \u00abTodo es un regalo\u00bb?<\/h3>\n\n\n\n<blockquote class=\"wp-block-quote is-layout-flow wp-block-quote-is-layout-flow\"><p><em>Today, I attended a funeral for a friend\u2019s father. The eulogy was so meaningful for me \u2026 it was such a gift! The lesson to \u201clive the present moment\u201d well has remained with me.<\/em> <\/p><cite>(Chicago, U.S.A)<\/cite><\/blockquote>\n\n\n\n<blockquote class=\"wp-block-quote is-layout-flow wp-block-quote-is-layout-flow\"><p>I appreciated that I have a family to love and one that cares for me and that I\u2019m healthy. <\/p><cite><em>(California, U.S.A)<\/em><\/cite><\/blockquote>\n\n\n\n<blockquote class=\"wp-block-quote is-layout-flow wp-block-quote-is-layout-flow\"><p>Today my grandma and I both saw a dog living on the streets and we took him and gave it a shower.<\/p><cite><em> (California, U.S.A)<\/em><\/cite><\/blockquote>\n\n\n\n<blockquote class=\"wp-block-quote is-layout-flow wp-block-quote-is-layout-flow\"><p>Today I rolled EVERYTHING is a Gift. I prayed and thanked God for all of the blessings he gives and thanked him for letting me love on a beautiful world.<\/p><cite><em>(California, U.S.A)<\/em><\/cite><\/blockquote>\n\n\n\n<blockquote class=\"wp-block-quote is-layout-flow wp-block-quote-is-layout-flow\"><p>\u201cEverything is a Gift!\u201d The leaves have turned from green to yellows, oranges and reds in my neighborhood in Indianapolis, and now are falling. Feeling grateful for a bright sun, blue skies, and the leaves this cold fall day! <\/p><cite><em>(J.M., Indiana, USA)<\/em><\/cite><\/blockquote>\n<\/div><\/div>\n<\/div><\/div>\n\n\n\n<hr class=\"wp-block-separator\"\/>\n\n\n\n<div class=\"wp-block-group\"><div class=\"wp-block-group__inner-container is-layout-flow wp-block-group-is-layout-flow\">\n<h2 class=\"wp-block-heading\">Mas ideas!<\/h2>\n\n\n\n<figure class=\"wp-block-gallery columns-6 is-cropped wp-block-gallery-1 is-layout-flex wp-block-gallery-is-layout-flex\"><ul class=\"blocks-gallery-grid\"><li class=\"blocks-gallery-item\"><figure><img loading=\"lazy\" decoding=\"async\" width=\"600\" height=\"593\" src=\"https:\/\/theearthcube.org\/media\/gift-600-es-1.jpg\" alt=\"\" data-id=\"2086\" data-full-url=\"https:\/\/theearthcube.org\/media\/gift-600-es-1.jpg\" data-link=\"https:\/\/theearthcube.org\/es\/cube-faces\/gift\/gift-600-es\/\" class=\"wp-image-2086\" srcset=\"https:\/\/theearthcube.org\/media\/gift-600-es-1.jpg 600w, https:\/\/theearthcube.org\/media\/gift-600-es-1-300x297.jpg 300w\" sizes=\"auto, (max-width: 600px) 100vw, 600px\" \/><\/figure><\/li><li class=\"blocks-gallery-item\"><figure><img loading=\"lazy\" decoding=\"async\" width=\"600\" height=\"593\" src=\"https:\/\/theearthcube.org\/media\/need-600-es.jpg\" alt=\"\" data-id=\"2078\" data-full-url=\"https:\/\/theearthcube.org\/media\/need-600-es.jpg\" data-link=\"https:\/\/theearthcube.org\/es\/cube-faces\/gift\/need-600-es\/\" class=\"wp-image-2078\" srcset=\"https:\/\/theearthcube.org\/media\/need-600-es.jpg 600w, https:\/\/theearthcube.org\/media\/need-600-es-300x297.jpg 300w\" sizes=\"auto, (max-width: 600px) 100vw, 600px\" \/><\/figure><\/li><li class=\"blocks-gallery-item\"><figure><img loading=\"lazy\" decoding=\"async\" width=\"600\" height=\"593\" src=\"https:\/\/theearthcube.org\/media\/smile-600-es.jpg\" alt=\"\" data-id=\"2064\" data-full-url=\"https:\/\/theearthcube.org\/media\/smile-600-es.jpg\" data-link=\"https:\/\/theearthcube.org\/es\/cube-faces\/gift\/smile-600-es\/\" class=\"wp-image-2064\" srcset=\"https:\/\/theearthcube.org\/media\/smile-600-es.jpg 600w, https:\/\/theearthcube.org\/media\/smile-600-es-300x297.jpg 300w\" sizes=\"auto, (max-width: 600px) 100vw, 600px\" \/><\/figure><\/li><li class=\"blocks-gallery-item\"><figure><img loading=\"lazy\" decoding=\"async\" width=\"600\" height=\"593\" src=\"https:\/\/theearthcube.org\/media\/now-600-es.jpg\" alt=\"\" data-id=\"2057\" data-full-url=\"https:\/\/theearthcube.org\/media\/now-600-es.jpg\" data-link=\"https:\/\/theearthcube.org\/es\/cube-faces\/gift\/now-600-es\/\" class=\"wp-image-2057\" srcset=\"https:\/\/theearthcube.org\/media\/now-600-es.jpg 600w, https:\/\/theearthcube.org\/media\/now-600-es-300x297.jpg 300w\" sizes=\"auto, (max-width: 600px) 100vw, 600px\" \/><\/figure><\/li><li class=\"blocks-gallery-item\"><figure><img loading=\"lazy\" decoding=\"async\" width=\"611\" height=\"603\" src=\"https:\/\/theearthcube.org\/media\/connected-600-es.jpg\" alt=\"\" data-id=\"2071\" data-full-url=\"https:\/\/theearthcube.org\/media\/connected-600-es.jpg\" data-link=\"https:\/\/theearthcube.org\/es\/cube-faces\/gift\/connected-600-es\/\" class=\"wp-image-2071\" srcset=\"https:\/\/theearthcube.org\/media\/connected-600-es.jpg 611w, https:\/\/theearthcube.org\/media\/connected-600-es-300x296.jpg 300w\" sizes=\"auto, (max-width: 611px) 100vw, 611px\" \/><\/figure><\/li><li class=\"blocks-gallery-item\"><figure><img loading=\"lazy\" decoding=\"async\" width=\"600\" height=\"593\" src=\"https:\/\/theearthcube.org\/media\/discover-600-es.jpg\" alt=\"\" data-id=\"2050\" data-full-url=\"https:\/\/theearthcube.org\/media\/discover-600-es.jpg\" data-link=\"https:\/\/theearthcube.org\/es\/cube-faces\/gift\/discover-600-es\/\" class=\"wp-image-2050\" srcset=\"https:\/\/theearthcube.org\/media\/discover-600-es.jpg 600w, https:\/\/theearthcube.org\/media\/discover-600-es-300x297.jpg 300w\" sizes=\"auto, (max-width: 600px) 100vw, 600px\" \/><\/figure><\/li><\/ul><\/figure>\n<\/div><\/div>\n\n\n\n<p><\/p>\n","protected":false},"excerpt":{"rendered":"<p>\u00a1TODO es un Regalo! Cada persona, cada cosa, est\u00e1 presente como un regalo para el otro. Si los \u00e1rboles de pino brillan bajo el sol \u2013 es un regalo! Si los arroyos fluyen en relucientes ca\u00eddas \u2013 es un regalo! Si un beb\u00e9 gatea sobre el piso \u2013 \u00a1es un regalo! Cuando empezamos a ver [&hellip;]<\/p>\n","protected":false},"author":3,"featured_media":1222,"parent":170,"menu_order":0,"comment_status":"closed","ping_status":"closed","template":"page_live.php","meta":{"_genesis_hide_title":false,"_genesis_hide_breadcrumbs":false,"_genesis_hide_singular_image":false,"_genesis_hide_footer_widgets":false,"_genesis_custom_body_class":"","_genesis_custom_post_class":"","_genesis_layout":"full-width-content","footnotes":""},"class_list":{"0":"post-1390","1":"page","2":"type-page","3":"status-publish","4":"has-post-thumbnail","6":"entry"},"jetpack_sharing_enabled":true,"_links":{"self":[{"href":"https:\/\/theearthcube.org\/es\/wp-json\/wp\/v2\/pages\/1390","targetHints":{"allow":["GET"]}}],"collection":[{"href":"https:\/\/theearthcube.org\/es\/wp-json\/wp\/v2\/pages"}],"about":[{"href":"https:\/\/theearthcube.org\/es\/wp-json\/wp\/v2\/types\/page"}],"author":[{"embeddable":true,"href":"https:\/\/theearthcube.org\/es\/wp-json\/wp\/v2\/users\/3"}],"replies":[{"embeddable":true,"href":"https:\/\/theearthcube.org\/es\/wp-json\/wp\/v2\/comments?post=1390"}],"version-history":[{"count":11,"href":"https:\/\/theearthcube.org\/es\/wp-json\/wp\/v2\/pages\/1390\/revisions"}],"predecessor-version":[{"id":2097,"href":"https:\/\/theearthcube.org\/es\/wp-json\/wp\/v2\/pages\/1390\/revisions\/2097"}],"up":[{"embeddable":true,"href":"https:\/\/theearthcube.org\/es\/wp-json\/wp\/v2\/pages\/170"}],"wp:featuredmedia":[{"embeddable":true,"href":"https:\/\/theearthcube.org\/es\/wp-json\/wp\/v2\/media\/1222"}],"wp:attachment":[{"href":"https:\/\/theearthcube.org\/es\/wp-json\/wp\/v2\/media?parent=1390"}],"curies":[{"name":"wp","href":"https:\/\/api.w.org\/{rel}","templated":true}]}}