{"id":1399,"date":"2020-06-08T13:58:11","date_gmt":"2020-06-08T17:58:11","guid":{"rendered":"https:\/\/theearthcube.org\/?page_id=1399"},"modified":"2020-06-22T14:19:35","modified_gmt":"2020-06-22T18:19:35","slug":"needed","status":"publish","type":"page","link":"https:\/\/theearthcube.org\/es\/cube-faces\/needed\/","title":{"rendered":"Hoy lanc\u00e9:"},"content":{"rendered":"\n<div class=\"wp-block-image\"><figure class=\"alignright size-medium\"><img loading=\"lazy\" decoding=\"async\" width=\"300\" height=\"297\" src=\"https:\/\/theearthcube.org\/media\/need-600-es-300x297.jpg\" alt=\"\" class=\"wp-image-2078\" srcset=\"https:\/\/theearthcube.org\/media\/need-600-es-300x297.jpg 300w, https:\/\/theearthcube.org\/media\/need-600-es-150x150.jpg 150w, https:\/\/theearthcube.org\/media\/need-600-es.jpg 600w\" sizes=\"auto, (max-width: 300px) 100vw, 300px\" \/><\/figure><\/div>\n\n\n\n<h2 class=\"wp-block-heading\"> \u00a1SOLO lo que se necesita!<\/h2>\n\n\n\n<p>\u00bfC\u00f3mo vamos a vivir de forma sostenible en este planeta? Tomando s\u00f3lo lo que es necesario para vivir nuestras vidas en relaci\u00f3n con todo lo dem\u00e1s. Como un \u00e1rbol que absorbe s\u00f3lo el agua y los nutrientes necesarios para crecer y dar sus frutos, tambi\u00e9n nosotros tenemos que distinguir nuestros deseos de nuestras necesidades.<\/p>\n\n\n\n<p>\u00a1Minimicemos nuestros impactos negativos maximizando los positivos. \u00a1Que estas opciones individuales sean la inspiraci\u00f3n para el cambio colectivo!<\/p>\n\n\n\n<hr class=\"wp-block-separator\"\/>\n\n\n\n<h3 class=\"wp-block-heading\"> V\u00edvelo<\/h3>\n\n\n\n<ul class=\"wp-block-list\"><li><span style=\"text-decoration: underline;\">Apaga la computadora durante la noche<\/span>: una computadora y\/o monitor en \u201csleep mode\u201d pueden minimizar el uso y el costo de electricidad.<\/li><li><span style=\"text-decoration: underline;\">Pensalo dos veces<\/span>: antes de comprar pens\u00e1: \u00bfrealmente necesito un celu nuevo? \u00bfo me estoy dejando llevar por el deseo de ser aceptado en mi entorno?<\/li><li><span style=\"text-decoration: underline;\">Controla la cantidad de comida<\/span>: estoy cocinando de mas? Estoy tirando muchas sobras en la semana? <\/li><\/ul>\n\n\n\n<div class=\"wp-block-columns is-layout-flex wp-container-core-columns-is-layout-9d6595d7 wp-block-columns-is-layout-flex\">\n<div class=\"wp-block-column is-layout-flow wp-block-column-is-layout-flow\">\n<div class=\"circle think\">\n  <div class=\"circle-content\">\n   <p><img decoding=\"async\" src=\"https:\/\/theearthcube.org\/media\/think-white.png\"><\/span>\nWhat does my daily lifestyle say about my respect of the earth&#8217;s resources?\n<\/p>\n  <\/div>\n<\/div>\n\n\n\n<p><\/p>\n<\/div>\n\n\n\n<div class=\"wp-block-column is-layout-flow wp-block-column-is-layout-flow\">\n<div class=\"circle\">\n  <div class=\"circle-content\"><div class=\"stat\">400<span style=\"font-size:60%;\">lbs<\/span><\/div>Save 400lbs of CO2 \/year by cutting your family food waste <br>in half <\/div>\n<\/div>\n<\/div>\n\n\n\n<div class=\"wp-block-column is-layout-flow wp-block-column-is-layout-flow\">\n<div class=\"circle\">\n  <div class=\"circle-content\"><div class=\"stat\">10 gal<\/div>Save 10 gallons of water by shortening your shower by 2 minutes<\/div>\n<\/div>\n<\/div>\n\n\n\n<div class=\"wp-block-column is-layout-flow wp-block-column-is-layout-flow\">\n<div class=\"circle\">\n  <div class=\"circle-content\">\n   <div class=\"stat\">6-8%<\/div>\nSave 6-8% of energy by using just 1 degree less of heating or cooling\n  <\/div>\n<\/div>\n<\/div>\n<\/div>\n\n\n\n<hr class=\"wp-block-separator\"\/>\n\n\n\n<div class=\"wp-block-group how-lived\"><div class=\"wp-block-group__inner-container is-layout-flow wp-block-group-is-layout-flow\">\n<div class=\"wp-block-group how-lived\"><div class=\"wp-block-group__inner-container is-layout-flow wp-block-group-is-layout-flow\">\n<h3 class=\"wp-block-heading\">\u00bfC\u00f3mo puedo vivirlo \u00abSolo lo que se necesita\u00bb?<\/h3>\n\n\n\n<blockquote class=\"wp-block-quote is-layout-flow wp-block-quote-is-layout-flow\"><p> \u2018Solo lo que necesita!\u2019 Fue la direcci\u00f3n dada por El Dado de la Tierra hoy. Comenz\u00f3 con una \u201cducha temporizada \u2018 (salir r\u00e1pidamente antes de que suene la campana), seguido de reutilizaci\u00f3n de un poco de papel en el trabajo, seguido de un almuerzo menos de normal (sopa \/ ensalada) . Ok, tal vez estos son peque\u00f1os pasos, pero al menos mi conciencia estaba all\u00ed! \u201d&nbsp; <\/p><cite> (Sao Paolo, Brazil)  <\/cite><\/blockquote>\n\n\n\n<blockquote class=\"wp-block-quote is-layout-flow wp-block-quote-is-layout-flow\"><p>My goal was to take a shower in a shorter amount of time so i can waste less water for the drought in LA. I used to take shower for more then 30 minutes and when i tried i started taking showers of 10 to less minutes. <\/p><cite>(California, U.S.A.) <\/cite><\/blockquote>\n\n\n\n<blockquote class=\"wp-block-quote is-layout-flow wp-block-quote-is-layout-flow\"><p> Today I used only the water needed when I brushed my teeth.<\/p><cite> <em> (California, U.S.A.) <\/em> <\/cite><\/blockquote>\n\n\n\n<blockquote class=\"wp-block-quote is-layout-flow wp-block-quote-is-layout-flow\"><p>Ho riutilizzato la cera delle candele bruciate la scorsa estate per produrne almeno 20 nuove senza utilizzare nuovi prodotti.  [I reused the wax of candles burned last summer to produce at least 20 new ones without using new products.] <\/p><cite> <em>(Luca, BS, Italy)<\/em> <\/cite><\/blockquote>\n\n\n\n<blockquote class=\"wp-block-quote is-layout-flow wp-block-quote-is-layout-flow\"><p> Oggi ho tirato il dado e mi e uscito solo ci\u00f2 che \u00e8 necessario! Per risparmiare energia elettrica, dopo la doccia, mi sono asciugato i capelli senza usare il phon.  [Today I rolled the cube and Only What Is Needed came out! To save electricity, after the shower, I dried my hair without using a hair dryer.] <\/p><cite> <em>(Brescia, Italy)<\/em> <\/cite><\/blockquote>\n\n\n\n<blockquote class=\"wp-block-quote is-layout-flow wp-block-quote-is-layout-flow\"><p> Ho usato l\u2019acqua del lavandino per lavarmi i denti solo nei momenti in cui era necessario senza sprecare l\u2019acqua. [I used the sink water to brush my teeth only when needed without wasting water.] <\/p><cite> <em>(C.V., Italy)<\/em> <\/cite><\/blockquote>\n<\/div><\/div>\n<\/div><\/div>\n\n\n\n<hr class=\"wp-block-separator\"\/>\n\n\n\n<div class=\"wp-block-group\"><div class=\"wp-block-group__inner-container is-layout-flow wp-block-group-is-layout-flow\">\n<h2 class=\"wp-block-heading\">Mas ideas!<\/h2>\n\n\n\n<figure class=\"wp-block-gallery columns-6 is-cropped wp-block-gallery-1 is-layout-flex wp-block-gallery-is-layout-flex\"><ul class=\"blocks-gallery-grid\"><li class=\"blocks-gallery-item\"><figure><img loading=\"lazy\" decoding=\"async\" width=\"600\" height=\"593\" src=\"https:\/\/theearthcube.org\/media\/gift-600-es-1.jpg\" alt=\"\" data-id=\"2086\" data-full-url=\"https:\/\/theearthcube.org\/media\/gift-600-es-1.jpg\" data-link=\"https:\/\/theearthcube.org\/es\/cube-faces\/gift\/gift-600-es\/\" class=\"wp-image-2086\" srcset=\"https:\/\/theearthcube.org\/media\/gift-600-es-1.jpg 600w, https:\/\/theearthcube.org\/media\/gift-600-es-1-300x297.jpg 300w\" sizes=\"auto, (max-width: 600px) 100vw, 600px\" \/><\/figure><\/li><li class=\"blocks-gallery-item\"><figure><img loading=\"lazy\" decoding=\"async\" width=\"600\" height=\"593\" src=\"https:\/\/theearthcube.org\/media\/need-600-es.jpg\" alt=\"\" data-id=\"2078\" data-full-url=\"https:\/\/theearthcube.org\/media\/need-600-es.jpg\" data-link=\"https:\/\/theearthcube.org\/es\/cube-faces\/gift\/need-600-es\/\" class=\"wp-image-2078\" srcset=\"https:\/\/theearthcube.org\/media\/need-600-es.jpg 600w, https:\/\/theearthcube.org\/media\/need-600-es-300x297.jpg 300w\" sizes=\"auto, (max-width: 600px) 100vw, 600px\" \/><\/figure><\/li><li class=\"blocks-gallery-item\"><figure><img loading=\"lazy\" decoding=\"async\" width=\"600\" height=\"593\" src=\"https:\/\/theearthcube.org\/media\/smile-600-es.jpg\" alt=\"\" data-id=\"2064\" data-full-url=\"https:\/\/theearthcube.org\/media\/smile-600-es.jpg\" data-link=\"https:\/\/theearthcube.org\/es\/cube-faces\/gift\/smile-600-es\/\" class=\"wp-image-2064\" srcset=\"https:\/\/theearthcube.org\/media\/smile-600-es.jpg 600w, https:\/\/theearthcube.org\/media\/smile-600-es-300x297.jpg 300w\" sizes=\"auto, (max-width: 600px) 100vw, 600px\" \/><\/figure><\/li><li class=\"blocks-gallery-item\"><figure><img loading=\"lazy\" decoding=\"async\" width=\"600\" height=\"593\" src=\"https:\/\/theearthcube.org\/media\/now-600-es.jpg\" alt=\"\" data-id=\"2057\" data-full-url=\"https:\/\/theearthcube.org\/media\/now-600-es.jpg\" data-link=\"https:\/\/theearthcube.org\/es\/cube-faces\/gift\/now-600-es\/\" class=\"wp-image-2057\" srcset=\"https:\/\/theearthcube.org\/media\/now-600-es.jpg 600w, https:\/\/theearthcube.org\/media\/now-600-es-300x297.jpg 300w\" sizes=\"auto, (max-width: 600px) 100vw, 600px\" \/><\/figure><\/li><li class=\"blocks-gallery-item\"><figure><img loading=\"lazy\" decoding=\"async\" width=\"611\" height=\"603\" src=\"https:\/\/theearthcube.org\/media\/connected-600-es.jpg\" alt=\"\" data-id=\"2071\" data-full-url=\"https:\/\/theearthcube.org\/media\/connected-600-es.jpg\" data-link=\"https:\/\/theearthcube.org\/es\/cube-faces\/gift\/connected-600-es\/\" class=\"wp-image-2071\" srcset=\"https:\/\/theearthcube.org\/media\/connected-600-es.jpg 611w, https:\/\/theearthcube.org\/media\/connected-600-es-300x296.jpg 300w\" sizes=\"auto, (max-width: 611px) 100vw, 611px\" \/><\/figure><\/li><li class=\"blocks-gallery-item\"><figure><img loading=\"lazy\" decoding=\"async\" width=\"600\" height=\"593\" src=\"https:\/\/theearthcube.org\/media\/discover-600-es.jpg\" alt=\"\" data-id=\"2050\" data-full-url=\"https:\/\/theearthcube.org\/media\/discover-600-es.jpg\" data-link=\"https:\/\/theearthcube.org\/es\/cube-faces\/gift\/discover-600-es\/\" class=\"wp-image-2050\" srcset=\"https:\/\/theearthcube.org\/media\/discover-600-es.jpg 600w, https:\/\/theearthcube.org\/media\/discover-600-es-300x297.jpg 300w\" sizes=\"auto, (max-width: 600px) 100vw, 600px\" \/><\/figure><\/li><\/ul><\/figure>\n<\/div><\/div>\n","protected":false},"excerpt":{"rendered":"<p>\u00a1SOLO lo que se necesita! \u00bfC\u00f3mo vamos a vivir de forma sostenible en este planeta? Tomando s\u00f3lo lo que es necesario para vivir nuestras vidas en relaci\u00f3n con todo lo dem\u00e1s. Como un \u00e1rbol que absorbe s\u00f3lo el agua y los nutrientes necesarios para crecer y dar sus frutos, tambi\u00e9n nosotros tenemos que distinguir nuestros [&hellip;]<\/p>\n","protected":false},"author":3,"featured_media":1215,"parent":170,"menu_order":0,"comment_status":"closed","ping_status":"closed","template":"page_live.php","meta":{"_genesis_hide_title":false,"_genesis_hide_breadcrumbs":false,"_genesis_hide_singular_image":false,"_genesis_hide_footer_widgets":false,"_genesis_custom_body_class":"","_genesis_custom_post_class":"","_genesis_layout":"full-width-content","footnotes":""},"class_list":{"0":"post-1399","1":"page","2":"type-page","3":"status-publish","4":"has-post-thumbnail","6":"entry"},"jetpack_sharing_enabled":true,"_links":{"self":[{"href":"https:\/\/theearthcube.org\/es\/wp-json\/wp\/v2\/pages\/1399","targetHints":{"allow":["GET"]}}],"collection":[{"href":"https:\/\/theearthcube.org\/es\/wp-json\/wp\/v2\/pages"}],"about":[{"href":"https:\/\/theearthcube.org\/es\/wp-json\/wp\/v2\/types\/page"}],"author":[{"embeddable":true,"href":"https:\/\/theearthcube.org\/es\/wp-json\/wp\/v2\/users\/3"}],"replies":[{"embeddable":true,"href":"https:\/\/theearthcube.org\/es\/wp-json\/wp\/v2\/comments?post=1399"}],"version-history":[{"count":4,"href":"https:\/\/theearthcube.org\/es\/wp-json\/wp\/v2\/pages\/1399\/revisions"}],"predecessor-version":[{"id":2111,"href":"https:\/\/theearthcube.org\/es\/wp-json\/wp\/v2\/pages\/1399\/revisions\/2111"}],"up":[{"embeddable":true,"href":"https:\/\/theearthcube.org\/es\/wp-json\/wp\/v2\/pages\/170"}],"wp:featuredmedia":[{"embeddable":true,"href":"https:\/\/theearthcube.org\/es\/wp-json\/wp\/v2\/media\/1215"}],"wp:attachment":[{"href":"https:\/\/theearthcube.org\/es\/wp-json\/wp\/v2\/media?parent=1399"}],"curies":[{"name":"wp","href":"https:\/\/api.w.org\/{rel}","templated":true}]}}