{"id":1406,"date":"2020-06-08T14:04:52","date_gmt":"2020-06-08T18:04:52","guid":{"rendered":"https:\/\/theearthcube.org\/?page_id=1406"},"modified":"2020-06-22T14:20:22","modified_gmt":"2020-06-22T18:20:22","slug":"smile","status":"publish","type":"page","link":"https:\/\/theearthcube.org\/es\/cube-faces\/smile\/","title":{"rendered":"Hoy lanc\u00e9:"},"content":{"rendered":"\n<div class=\"wp-block-image\"><figure class=\"alignright size-medium\"><img loading=\"lazy\" decoding=\"async\" width=\"300\" height=\"297\" src=\"https:\/\/theearthcube.org\/media\/smile-600-es-300x297.jpg\" alt=\"\" class=\"wp-image-2064\" srcset=\"https:\/\/theearthcube.org\/media\/smile-600-es-300x297.jpg 300w, https:\/\/theearthcube.org\/media\/smile-600-es-150x150.jpg 150w, https:\/\/theearthcube.org\/media\/smile-600-es.jpg 600w\" sizes=\"auto, (max-width: 300px) 100vw, 300px\" \/><\/figure><\/div>\n\n\n\n<h2 class=\"wp-block-heading\"> \u00a1SONRIE al Mundo!<\/h2>\n\n\n\n<p>Nada habla m\u00e1s fuerte que las acciones positivas para hacer del mundo un lugar mejor. Deteni\u00e9ndote para reciclar nuestros residuos, reutilizando o reasignando un objeto antiguo, r\u00e1pidamente cerrando la ducha, plantando un jard\u00edn comunitario, eliminando la necesidad de transporte privado diario \u2010 todos estas son las \u2018cositas\u2019 que llevan a la eficiencia y sostenibilidad en el medio ambiente.<\/p>\n\n\n\n<p>Cada acci\u00f3n durante el d\u00eda tiene una consecuencia. No s\u00f3lo \u2018piensa\u2019 en ser pro\u2010 tierra, \u00a1da el paso y ve las cosas maravillosas que pueden resultar de eso!<\/p>\n\n\n\n<h3 class=\"wp-block-heading\">V\u00edvelo<\/h3>\n\n\n\n<ul class=\"wp-block-list\"><li><span style=\"text-decoration: underline;\">Doblefaz<\/span>: acostumbrate a usar ambos lados de la hoja para imprimir y\/o escribir. Luego, cuando no sirvan m\u00e1s los papeles, podes mandarlos a reciclar.<\/li><li><span style=\"text-decoration: underline;\">Reparar en vez de reemplazar<\/span>: trata de arreglar los electrodom\u00e9sticos rotos y la ropa cuando sea posible en vez de comprar nuevos. As\u00ed reduces la cantidad de residuos y tambi\u00e9n de contaminaci\u00f3n.<\/li><li><span style=\"text-decoration: underline;\">Reutiliza o regala<\/span>: antes de tirar algo, fijate si hay otra manera de usar las cosas o si alguien m\u00e1s puede necesitarlas.<\/li><li><span style=\"text-decoration: underline;\">Compra productos usados<\/span>: o aquellos que est\u00e1n hechos con material reciclado. Ropa, f\u00f3sforos de madera, contenedores de cart\u00f3n en vez de pl\u00e1stico, etc. <\/li><\/ul>\n\n\n\n<div class=\"wp-block-columns is-layout-flex wp-container-core-columns-is-layout-9d6595d7 wp-block-columns-is-layout-flex\">\n<div class=\"wp-block-column is-layout-flow wp-block-column-is-layout-flow\">\n<div class=\"circle think\">\n  <div class=\"circle-content\">\n   <p><img decoding=\"async\" src=\"https:\/\/theearthcube.org\/media\/think-white.png\"><\/span>\n\u00bfC\u00f3mo podr\u00eda cambiar un h\u00e1bito hacer una diferencia para la pr\u00f3xima generaci\u00f3n?<\/p>\n  <\/div>\n<\/div>\n\n\n\n<p><\/p>\n<\/div>\n\n\n\n<div class=\"wp-block-column is-layout-flow wp-block-column-is-layout-flow\">\n<div class=\"circle\">\n  <div class=\"circle-content\"><div class=\"stat\">1\/2<span style=\"font-size:50%;\">ton<\/span><\/div>Drive 30 miles less per week to save more than 1\/2 ton of CO2 per year<\/div>\n<\/div>\n<\/div>\n\n\n\n<div class=\"wp-block-column is-layout-flow wp-block-column-is-layout-flow\">\n<div class=\"circle\">\n  <div class=\"circle-content\"><div class=\"stat\">300<\/div>Ditch the plastic toothbrush and save 300 plastic ones over a lifetime!<\/div>\n<\/div>\n<\/div>\n\n\n\n<div class=\"wp-block-column is-layout-flow wp-block-column-is-layout-flow\">\n<div class=\"circle\">\n  <div class=\"circle-content\">\n   <p><img decoding=\"async\" src=\"https:\/\/theearthcube.org\/media\/wheelbarrow-white-1.png\"><\/span>\nCommunity gardens foster neighborhoods of trust, reciprocity and sharing<\/p>\n  <\/div>\n<\/div>\n<\/div>\n<\/div>\n\n\n\n<hr class=\"wp-block-separator\"\/>\n\n\n\n<div class=\"wp-block-group how-lived\"><div class=\"wp-block-group__inner-container is-layout-flow wp-block-group-is-layout-flow\">\n<div class=\"wp-block-group\"><div class=\"wp-block-group__inner-container is-layout-flow wp-block-group-is-layout-flow\">\n<h3 class=\"wp-block-heading\">\u00bfC\u00f3mo puedo vivirlo \u00abSonrie al mundo\u00bb?<\/h3>\n\n\n\n<blockquote class=\"wp-block-quote is-layout-flow wp-block-quote-is-layout-flow\"><p>Today was a \u2018double\u2019 Earth Cube special\u2026 living two sides of the cube at the same time: \u2018NOW is the Time!\u2019 and \u2018SMILE on the World!\u2019 I looked in my sock drawer this morning and realized how many I have and could share. So, I bundled the extras up others. Less is more!  <\/p><cite>(Paris, France)<\/cite><\/blockquote>\n\n\n\n<blockquote class=\"wp-block-quote is-layout-flow wp-block-quote-is-layout-flow\"><p>Today I was hanging my clothes that my mom had just washed. As I began hanging my clothes I saw some clothes that I really didn\u2019t need anymore so I recycled them and gave them away to the Homeless Shelter.&nbsp; <\/p><cite><em>(California, USA)<\/em> <\/cite><\/blockquote>\n\n\n\n<blockquote class=\"wp-block-quote is-layout-flow wp-block-quote-is-layout-flow\"><p>Had some alone time to reflect and talk to God about everything that has happened to me. Be thankful for everything because God always had a plan for everyone and everything. <\/p><cite><em>(California, USA)<\/em> <\/cite><\/blockquote>\n<\/div><\/div>\n<\/div><\/div>\n\n\n\n<hr class=\"wp-block-separator\"\/>\n\n\n\n<div class=\"wp-block-group\"><div class=\"wp-block-group__inner-container is-layout-flow wp-block-group-is-layout-flow\">\n<h2 class=\"wp-block-heading\">Mas ideas!<\/h2>\n\n\n\n<figure class=\"wp-block-gallery columns-6 is-cropped wp-block-gallery-1 is-layout-flex wp-block-gallery-is-layout-flex\"><ul class=\"blocks-gallery-grid\"><li class=\"blocks-gallery-item\"><figure><img loading=\"lazy\" decoding=\"async\" width=\"600\" height=\"593\" src=\"https:\/\/theearthcube.org\/media\/gift-600-es-1.jpg\" alt=\"\" data-id=\"2086\" data-full-url=\"https:\/\/theearthcube.org\/media\/gift-600-es-1.jpg\" data-link=\"https:\/\/theearthcube.org\/es\/cube-faces\/gift\/gift-600-es\/\" class=\"wp-image-2086\" srcset=\"https:\/\/theearthcube.org\/media\/gift-600-es-1.jpg 600w, https:\/\/theearthcube.org\/media\/gift-600-es-1-300x297.jpg 300w\" sizes=\"auto, (max-width: 600px) 100vw, 600px\" \/><\/figure><\/li><li class=\"blocks-gallery-item\"><figure><img loading=\"lazy\" decoding=\"async\" width=\"600\" height=\"593\" src=\"https:\/\/theearthcube.org\/media\/need-600-es.jpg\" alt=\"\" data-id=\"2078\" data-full-url=\"https:\/\/theearthcube.org\/media\/need-600-es.jpg\" data-link=\"https:\/\/theearthcube.org\/es\/cube-faces\/gift\/need-600-es\/\" class=\"wp-image-2078\" srcset=\"https:\/\/theearthcube.org\/media\/need-600-es.jpg 600w, https:\/\/theearthcube.org\/media\/need-600-es-300x297.jpg 300w\" sizes=\"auto, (max-width: 600px) 100vw, 600px\" \/><\/figure><\/li><li class=\"blocks-gallery-item\"><figure><img loading=\"lazy\" decoding=\"async\" width=\"600\" height=\"593\" src=\"https:\/\/theearthcube.org\/media\/smile-600-es.jpg\" alt=\"\" data-id=\"2064\" data-full-url=\"https:\/\/theearthcube.org\/media\/smile-600-es.jpg\" data-link=\"https:\/\/theearthcube.org\/es\/cube-faces\/gift\/smile-600-es\/\" class=\"wp-image-2064\" srcset=\"https:\/\/theearthcube.org\/media\/smile-600-es.jpg 600w, https:\/\/theearthcube.org\/media\/smile-600-es-300x297.jpg 300w\" sizes=\"auto, (max-width: 600px) 100vw, 600px\" \/><\/figure><\/li><li class=\"blocks-gallery-item\"><figure><img loading=\"lazy\" decoding=\"async\" width=\"600\" height=\"593\" src=\"https:\/\/theearthcube.org\/media\/now-600-es.jpg\" alt=\"\" data-id=\"2057\" data-full-url=\"https:\/\/theearthcube.org\/media\/now-600-es.jpg\" data-link=\"https:\/\/theearthcube.org\/es\/cube-faces\/gift\/now-600-es\/\" class=\"wp-image-2057\" srcset=\"https:\/\/theearthcube.org\/media\/now-600-es.jpg 600w, https:\/\/theearthcube.org\/media\/now-600-es-300x297.jpg 300w\" sizes=\"auto, (max-width: 600px) 100vw, 600px\" \/><\/figure><\/li><li class=\"blocks-gallery-item\"><figure><img loading=\"lazy\" decoding=\"async\" width=\"611\" height=\"603\" src=\"https:\/\/theearthcube.org\/media\/connected-600-es.jpg\" alt=\"\" data-id=\"2071\" data-full-url=\"https:\/\/theearthcube.org\/media\/connected-600-es.jpg\" data-link=\"https:\/\/theearthcube.org\/es\/cube-faces\/gift\/connected-600-es\/\" class=\"wp-image-2071\" srcset=\"https:\/\/theearthcube.org\/media\/connected-600-es.jpg 611w, https:\/\/theearthcube.org\/media\/connected-600-es-300x296.jpg 300w\" sizes=\"auto, (max-width: 611px) 100vw, 611px\" \/><\/figure><\/li><li class=\"blocks-gallery-item\"><figure><img loading=\"lazy\" decoding=\"async\" width=\"600\" height=\"593\" src=\"https:\/\/theearthcube.org\/media\/discover-600-es.jpg\" alt=\"\" data-id=\"2050\" data-full-url=\"https:\/\/theearthcube.org\/media\/discover-600-es.jpg\" data-link=\"https:\/\/theearthcube.org\/es\/cube-faces\/gift\/discover-600-es\/\" class=\"wp-image-2050\" srcset=\"https:\/\/theearthcube.org\/media\/discover-600-es.jpg 600w, https:\/\/theearthcube.org\/media\/discover-600-es-300x297.jpg 300w\" sizes=\"auto, (max-width: 600px) 100vw, 600px\" \/><\/figure><\/li><\/ul><\/figure>\n<\/div><\/div>\n","protected":false},"excerpt":{"rendered":"<p>\u00a1SONRIE al Mundo! Nada habla m\u00e1s fuerte que las acciones positivas para hacer del mundo un lugar mejor. Deteni\u00e9ndote para reciclar nuestros residuos, reutilizando o reasignando un objeto antiguo, r\u00e1pidamente cerrando la ducha, plantando un jard\u00edn comunitario, eliminando la necesidad de transporte privado diario \u2010 todos estas son las \u2018cositas\u2019 que llevan a la eficiencia [&hellip;]<\/p>\n","protected":false},"author":3,"featured_media":1201,"parent":170,"menu_order":0,"comment_status":"closed","ping_status":"closed","template":"page_live.php","meta":{"_genesis_hide_title":false,"_genesis_hide_breadcrumbs":false,"_genesis_hide_singular_image":false,"_genesis_hide_footer_widgets":false,"_genesis_custom_body_class":"","_genesis_custom_post_class":"","_genesis_layout":"full-width-content","footnotes":""},"class_list":{"0":"post-1406","1":"page","2":"type-page","3":"status-publish","4":"has-post-thumbnail","6":"entry"},"jetpack_sharing_enabled":true,"_links":{"self":[{"href":"https:\/\/theearthcube.org\/es\/wp-json\/wp\/v2\/pages\/1406","targetHints":{"allow":["GET"]}}],"collection":[{"href":"https:\/\/theearthcube.org\/es\/wp-json\/wp\/v2\/pages"}],"about":[{"href":"https:\/\/theearthcube.org\/es\/wp-json\/wp\/v2\/types\/page"}],"author":[{"embeddable":true,"href":"https:\/\/theearthcube.org\/es\/wp-json\/wp\/v2\/users\/3"}],"replies":[{"embeddable":true,"href":"https:\/\/theearthcube.org\/es\/wp-json\/wp\/v2\/comments?post=1406"}],"version-history":[{"count":3,"href":"https:\/\/theearthcube.org\/es\/wp-json\/wp\/v2\/pages\/1406\/revisions"}],"predecessor-version":[{"id":2112,"href":"https:\/\/theearthcube.org\/es\/wp-json\/wp\/v2\/pages\/1406\/revisions\/2112"}],"up":[{"embeddable":true,"href":"https:\/\/theearthcube.org\/es\/wp-json\/wp\/v2\/pages\/170"}],"wp:featuredmedia":[{"embeddable":true,"href":"https:\/\/theearthcube.org\/es\/wp-json\/wp\/v2\/media\/1201"}],"wp:attachment":[{"href":"https:\/\/theearthcube.org\/es\/wp-json\/wp\/v2\/media?parent=1406"}],"curies":[{"name":"wp","href":"https:\/\/api.w.org\/{rel}","templated":true}]}}