{"id":1413,"date":"2020-06-08T14:11:28","date_gmt":"2020-06-08T18:11:28","guid":{"rendered":"https:\/\/theearthcube.org\/?page_id=1413"},"modified":"2020-06-22T14:21:23","modified_gmt":"2020-06-22T18:21:23","slug":"now","status":"publish","type":"page","link":"https:\/\/theearthcube.org\/es\/cube-faces\/now\/","title":{"rendered":"Hoy lanc\u00e9:"},"content":{"rendered":"\n<div class=\"wp-block-image\"><figure class=\"alignright size-medium\"><img loading=\"lazy\" decoding=\"async\" width=\"300\" height=\"297\" src=\"https:\/\/theearthcube.org\/media\/now-600-es-300x297.jpg\" alt=\"\" class=\"wp-image-2057\" srcset=\"https:\/\/theearthcube.org\/media\/now-600-es-300x297.jpg 300w, https:\/\/theearthcube.org\/media\/now-600-es-150x150.jpg 150w, https:\/\/theearthcube.org\/media\/now-600-es.jpg 600w\" sizes=\"auto, (max-width: 300px) 100vw, 300px\" \/><\/figure><\/div>\n\n\n\n<h2 class=\"wp-block-heading\"> \u00a1AHORA es el Momento!<\/h2>\n\n\n\n<p>\u00bfCu\u00e1ntas veces hemos dicho: \u201cque lo haremos ma\u00f1ana?\u201d y as\u00ed, nunca lo hacemos? Comencemos en cada momento de cada d\u00eda a empezar a cambiar las cosas peque\u00f1as en nuestra vida por algo mejor.<\/p>\n\n\n\n<p>\u00a1Nuestro mundo ya no puede esperar de nuestra indecisi\u00f3n! No faltes de mirar a tu propio espacio vital para mejorar algo. \u00a1Actua AHORA!<\/p>\n\n\n\n<h3 class=\"wp-block-heading\">V\u00edvelo<\/h3>\n\n\n\n<ul class=\"wp-block-list\"><li><span style=\"text-decoration: underline;\">Hace algo peque\u00f1o y compartilo<\/span>: por ejemplo, despu\u00e9s de vivir alguna de las caras del dado compart\u00ed tu experiencia en alguna red social o simplemente contaselo a alg\u00fan amigo. Esparc\u00ed esta pasi\u00f3n! que las buenas acciones corran de boca en boca.<\/li><li><span style=\"text-decoration: underline;\">Recomenz\u00e1<\/span>: si un d\u00eda fallas, animo!! Podes empezar de nuevo! Los peores enemigos del ambiente son la frustraci\u00f3n y la culpa. No te rindas, volv\u00e9 a empezar las veces necesarias. <\/li><\/ul>\n\n\n\n<div class=\"wp-block-columns is-layout-flex wp-container-core-columns-is-layout-9d6595d7 wp-block-columns-is-layout-flex\">\n<div class=\"wp-block-column is-layout-flow wp-block-column-is-layout-flow\">\n<div class=\"circle think\">\n  <div class=\"circle-content\">\n   <p><img decoding=\"async\" src=\"https:\/\/theearthcube.org\/media\/think-white.png\"><\/span>\n\u00bfQu\u00e9 opci\u00f3n sostenible podr\u00eda ser una inspiraci\u00f3n para mi comunidad?<\/p>\n  <\/div>\n<\/div>\n\n\n\n<p><\/p>\n<\/div>\n\n\n\n<div class=\"wp-block-column is-layout-flow wp-block-column-is-layout-flow\">\n<div class=\"circle\">\n  <div class=\"circle-content\"><div class=\"stat\">80%<span style=\"font-size:50%;\"><\/span><\/div>of the world\u2019s wastewater is released without treatment<\/div>\n<\/div>\n<\/div>\n\n\n\n<div class=\"wp-block-column is-layout-flow wp-block-column-is-layout-flow\">\n<div class=\"circle\">\n  <div class=\"circle-content\"><div class=\"stat\">500<\/div>It takes 500 years for a coffee pod to decompose<\/div>\n<\/div>\n<\/div>\n\n\n\n<div class=\"wp-block-column is-layout-flow wp-block-column-is-layout-flow\">\n<div class=\"circle\">\n  <div class=\"circle-content\">\n   <p><img decoding=\"async\" src=\"https:\/\/theearthcube.org\/media\/flame-white.png\">\n2010-2019 was the hottest decade on record<\/p>\n  <\/div>\n<\/div>\n<\/div>\n<\/div>\n\n\n\n<hr class=\"wp-block-separator\"\/>\n\n\n\n<div class=\"wp-block-group how-lived\"><div class=\"wp-block-group__inner-container is-layout-flow wp-block-group-is-layout-flow\">\n<div class=\"wp-block-group how-lived\"><div class=\"wp-block-group__inner-container is-layout-flow wp-block-group-is-layout-flow\">\n<h3 class=\"wp-block-heading\">\u00bfC\u00f3mo puedo vivir \u00abAhora es el momento\u00bb?<\/h3>\n\n\n\n<blockquote class=\"wp-block-quote is-layout-flow wp-block-quote-is-layout-flow\"><p>The moment is NOW! The other day I realized I had the anti-smog mask in my scooter for a long time \u2026 I bought it and then I did not use it because I could not hold it and I said I will use it. One of my colleagues at work needed it because moving with a bicycle in a city like Rome is indispensable! So I did not hesitate to give it to her, without thinking about it anymore! <\/p><cite><em>(Rome, Italy)<\/em> <\/cite><\/blockquote>\n\n\n\n<blockquote class=\"wp-block-quote is-layout-flow wp-block-quote-is-layout-flow\"><p>Today was a \u2018double\u2019 Earth Cube special\u2026 living two sides of the cube at the same time: \u2018NOW is the Time!\u2019 and \u2018SMILE on the World!\u2019 I looked in my sock drawer this morning and realized how many I have and could share. So, I bundled the extras up others. Less is more! <\/p><cite><em>(Paris, France)<\/em> <\/cite><\/blockquote>\n\n\n\n<blockquote class=\"wp-block-quote is-layout-flow wp-block-quote-is-layout-flow\"><p>My friends were mad at each other for weeks. I just couldn\u2019t see them like that. So I made them talk and set things up. And they became friends again!!! ? <\/p><cite>(California, USA)<\/cite><\/blockquote>\n\n\n\n<blockquote class=\"wp-block-quote is-layout-flow wp-block-quote-is-layout-flow\"><p>Today my mom asked me to clean my room and wash the dishes. I told her I was going to do that tomorrow but then I remembered of what my mom was asking me to do so I stand up and went to go clean my room and wash the dishes.<\/p><cite>(California, USA)<\/cite><\/blockquote>\n\n\n\n<blockquote class=\"wp-block-quote is-layout-flow wp-block-quote-is-layout-flow\"><p> When i get home I usually procrastinate, so today instead of putting my responsibilities aside I started to do them right away when i got home. <\/p><cite>(California, USA)<\/cite><\/blockquote>\n<\/div><\/div>\n<\/div><\/div>\n\n\n\n<hr class=\"wp-block-separator\"\/>\n\n\n\n<div class=\"wp-block-group\"><div class=\"wp-block-group__inner-container is-layout-flow wp-block-group-is-layout-flow\">\n<h2 class=\"wp-block-heading\">Mas ideas!<\/h2>\n\n\n\n<figure class=\"wp-block-gallery columns-6 is-cropped wp-block-gallery-1 is-layout-flex wp-block-gallery-is-layout-flex\"><ul class=\"blocks-gallery-grid\"><li class=\"blocks-gallery-item\"><figure><img loading=\"lazy\" decoding=\"async\" width=\"600\" height=\"593\" src=\"https:\/\/theearthcube.org\/media\/gift-600-es-1.jpg\" alt=\"\" data-id=\"2086\" data-full-url=\"https:\/\/theearthcube.org\/media\/gift-600-es-1.jpg\" data-link=\"https:\/\/theearthcube.org\/es\/cube-faces\/gift\/gift-600-es\/\" class=\"wp-image-2086\" srcset=\"https:\/\/theearthcube.org\/media\/gift-600-es-1.jpg 600w, https:\/\/theearthcube.org\/media\/gift-600-es-1-300x297.jpg 300w\" sizes=\"auto, (max-width: 600px) 100vw, 600px\" \/><\/figure><\/li><li class=\"blocks-gallery-item\"><figure><img loading=\"lazy\" decoding=\"async\" width=\"600\" height=\"593\" src=\"https:\/\/theearthcube.org\/media\/need-600-es.jpg\" alt=\"\" data-id=\"2078\" data-full-url=\"https:\/\/theearthcube.org\/media\/need-600-es.jpg\" data-link=\"https:\/\/theearthcube.org\/es\/cube-faces\/gift\/need-600-es\/\" class=\"wp-image-2078\" srcset=\"https:\/\/theearthcube.org\/media\/need-600-es.jpg 600w, https:\/\/theearthcube.org\/media\/need-600-es-300x297.jpg 300w\" sizes=\"auto, (max-width: 600px) 100vw, 600px\" \/><\/figure><\/li><li class=\"blocks-gallery-item\"><figure><img loading=\"lazy\" decoding=\"async\" width=\"600\" height=\"593\" src=\"https:\/\/theearthcube.org\/media\/smile-600-es.jpg\" alt=\"\" data-id=\"2064\" data-full-url=\"https:\/\/theearthcube.org\/media\/smile-600-es.jpg\" data-link=\"https:\/\/theearthcube.org\/es\/cube-faces\/gift\/smile-600-es\/\" class=\"wp-image-2064\" srcset=\"https:\/\/theearthcube.org\/media\/smile-600-es.jpg 600w, https:\/\/theearthcube.org\/media\/smile-600-es-300x297.jpg 300w\" sizes=\"auto, (max-width: 600px) 100vw, 600px\" \/><\/figure><\/li><li class=\"blocks-gallery-item\"><figure><img loading=\"lazy\" decoding=\"async\" width=\"600\" height=\"593\" src=\"https:\/\/theearthcube.org\/media\/now-600-es.jpg\" alt=\"\" data-id=\"2057\" data-full-url=\"https:\/\/theearthcube.org\/media\/now-600-es.jpg\" data-link=\"https:\/\/theearthcube.org\/es\/cube-faces\/gift\/now-600-es\/\" class=\"wp-image-2057\" srcset=\"https:\/\/theearthcube.org\/media\/now-600-es.jpg 600w, https:\/\/theearthcube.org\/media\/now-600-es-300x297.jpg 300w\" sizes=\"auto, (max-width: 600px) 100vw, 600px\" \/><\/figure><\/li><li class=\"blocks-gallery-item\"><figure><img loading=\"lazy\" decoding=\"async\" width=\"611\" height=\"603\" src=\"https:\/\/theearthcube.org\/media\/connected-600-es.jpg\" alt=\"\" data-id=\"2071\" data-full-url=\"https:\/\/theearthcube.org\/media\/connected-600-es.jpg\" data-link=\"https:\/\/theearthcube.org\/es\/cube-faces\/gift\/connected-600-es\/\" class=\"wp-image-2071\" srcset=\"https:\/\/theearthcube.org\/media\/connected-600-es.jpg 611w, https:\/\/theearthcube.org\/media\/connected-600-es-300x296.jpg 300w\" sizes=\"auto, (max-width: 611px) 100vw, 611px\" \/><\/figure><\/li><li class=\"blocks-gallery-item\"><figure><img loading=\"lazy\" decoding=\"async\" width=\"600\" height=\"593\" src=\"https:\/\/theearthcube.org\/media\/discover-600-es.jpg\" alt=\"\" data-id=\"2050\" data-full-url=\"https:\/\/theearthcube.org\/media\/discover-600-es.jpg\" data-link=\"https:\/\/theearthcube.org\/es\/cube-faces\/gift\/discover-600-es\/\" class=\"wp-image-2050\" srcset=\"https:\/\/theearthcube.org\/media\/discover-600-es.jpg 600w, https:\/\/theearthcube.org\/media\/discover-600-es-300x297.jpg 300w\" sizes=\"auto, (max-width: 600px) 100vw, 600px\" \/><\/figure><\/li><\/ul><\/figure>\n<\/div><\/div>\n","protected":false},"excerpt":{"rendered":"<p>\u00a1AHORA es el Momento! \u00bfCu\u00e1ntas veces hemos dicho: \u201cque lo haremos ma\u00f1ana?\u201d y as\u00ed, nunca lo hacemos? Comencemos en cada momento de cada d\u00eda a empezar a cambiar las cosas peque\u00f1as en nuestra vida por algo mejor. \u00a1Nuestro mundo ya no puede esperar de nuestra indecisi\u00f3n! No faltes de mirar a tu propio espacio vital [&hellip;]<\/p>\n","protected":false},"author":3,"featured_media":1208,"parent":170,"menu_order":0,"comment_status":"closed","ping_status":"closed","template":"page_live.php","meta":{"_genesis_hide_title":false,"_genesis_hide_breadcrumbs":false,"_genesis_hide_singular_image":false,"_genesis_hide_footer_widgets":false,"_genesis_custom_body_class":"","_genesis_custom_post_class":"","_genesis_layout":"full-width-content","footnotes":""},"class_list":{"0":"post-1413","1":"page","2":"type-page","3":"status-publish","4":"has-post-thumbnail","6":"entry"},"jetpack_sharing_enabled":true,"_links":{"self":[{"href":"https:\/\/theearthcube.org\/es\/wp-json\/wp\/v2\/pages\/1413","targetHints":{"allow":["GET"]}}],"collection":[{"href":"https:\/\/theearthcube.org\/es\/wp-json\/wp\/v2\/pages"}],"about":[{"href":"https:\/\/theearthcube.org\/es\/wp-json\/wp\/v2\/types\/page"}],"author":[{"embeddable":true,"href":"https:\/\/theearthcube.org\/es\/wp-json\/wp\/v2\/users\/3"}],"replies":[{"embeddable":true,"href":"https:\/\/theearthcube.org\/es\/wp-json\/wp\/v2\/comments?post=1413"}],"version-history":[{"count":4,"href":"https:\/\/theearthcube.org\/es\/wp-json\/wp\/v2\/pages\/1413\/revisions"}],"predecessor-version":[{"id":2113,"href":"https:\/\/theearthcube.org\/es\/wp-json\/wp\/v2\/pages\/1413\/revisions\/2113"}],"up":[{"embeddable":true,"href":"https:\/\/theearthcube.org\/es\/wp-json\/wp\/v2\/pages\/170"}],"wp:featuredmedia":[{"embeddable":true,"href":"https:\/\/theearthcube.org\/es\/wp-json\/wp\/v2\/media\/1208"}],"wp:attachment":[{"href":"https:\/\/theearthcube.org\/es\/wp-json\/wp\/v2\/media?parent=1413"}],"curies":[{"name":"wp","href":"https:\/\/api.w.org\/{rel}","templated":true}]}}