{"id":1420,"date":"2020-06-08T14:21:02","date_gmt":"2020-06-08T18:21:02","guid":{"rendered":"https:\/\/theearthcube.org\/?page_id=1420"},"modified":"2020-06-22T14:22:35","modified_gmt":"2020-06-22T18:22:35","slug":"discover","status":"publish","type":"page","link":"https:\/\/theearthcube.org\/es\/cube-faces\/discover\/","title":{"rendered":"Hoy lanc\u00e9:"},"content":{"rendered":"\n<div class=\"wp-block-image\"><figure class=\"alignright size-medium\"><img loading=\"lazy\" decoding=\"async\" width=\"300\" height=\"297\" src=\"https:\/\/theearthcube.org\/media\/discover-600-es-300x297.jpg\" alt=\"\" class=\"wp-image-2050\" srcset=\"https:\/\/theearthcube.org\/media\/discover-600-es-300x297.jpg 300w, https:\/\/theearthcube.org\/media\/discover-600-es-150x150.jpg 150w, https:\/\/theearthcube.org\/media\/discover-600-es.jpg 600w\" sizes=\"auto, (max-width: 300px) 100vw, 300px\" \/><\/figure><\/div>\n\n\n\n<h2 class=\"wp-block-heading\">\u00a1DESCUBRIR cosas incre\u00edbles!<\/h2>\n\n\n\n<p>El mundo est\u00e1 lleno de toda clase de cosas incre\u00edbles entre sus picos m\u00e1s altos y sus profundos valles en el fondo del oc\u00e9ano. Una inmensa variedad \u2010 de personas, animales, plantas, insectos, microbios, suelos, rocas, r\u00edos, lagos, cascadas \u2010 est\u00e1 esperando para ser encontrado por nosotros! Con cada encuentro, nos estamos cambiando para siempre \u2013 una nueva conciencia, un mayor sentido de maravilla, un engrandecimiento del alma inspirado por la belleza, un humilde respeto por el poder de la naturaleza. Estos descubrimientos nos llevan en un viaje de momentos comprometedores, actividades significativas a una vida llena de significado!<\/p>\n\n\n\n<p>\u00bfQu\u00e9 puedes aprender hoy acerca de un fen\u00f3meno natural \u00fanico que te permite ver el mundo diferente?<\/p>\n\n\n\n<h3 class=\"wp-block-heading\">V\u00edvelo<\/h3>\n\n\n\n<ul class=\"wp-block-list\"><li><span style=\"text-decoration: underline;\">Aprender algo Nuevo acerca de nuestro ambient<\/span>e: investiga cu\u00e1les son las especies de animales y\/o plantas que est\u00e1n amenazadas en tu regi\u00f3n y que necesitan protecci\u00f3n.<\/li><li><span style=\"text-decoration: underline;\">Explorar la naturaleza cercana<\/span>: anda a alg\u00fan campo o alguna reserva natural, practica ecoturismo, viaja, bucea\u2026Senti el poder de Dios, de la naturaleza. Refrescate y renovate para volver a las actividades diarias.<\/li><li><span style=\"text-decoration: underline;\">Mira documentales<\/span>: observa y comprende la belleza y la complejidad de la naturaleza a trav\u00e9s de programas de televisi\u00f3n o pel\u00edculas que traten estos temas. <\/li><\/ul>\n\n\n\n<div class=\"wp-block-columns is-layout-flex wp-container-core-columns-is-layout-9d6595d7 wp-block-columns-is-layout-flex\">\n<div class=\"wp-block-column is-layout-flow wp-block-column-is-layout-flow\">\n<div class=\"circle think\">\n  <div class=\"circle-content\">\n   <p><img decoding=\"async\" src=\"https:\/\/theearthcube.org\/media\/think-white.png\"><\/span>\n\u00bfQu\u00e9 fen\u00f3meno natural puedes experimentar para ver el mundo de manera diferente?<\/p>\n  <\/div>\n<\/div>\n\n\n\n<p><\/p>\n<\/div>\n\n\n\n<div class=\"wp-block-column is-layout-flow wp-block-column-is-layout-flow\">\n<div class=\"circle\">\n  <div class=\"circle-content\"><div class=\"stat\">3<\/div>An octopus has three hearts<\/div>\n<\/div>\n<\/div>\n\n\n\n<div class=\"wp-block-column is-layout-flow wp-block-column-is-layout-flow\">\n<div class=\"circle\">\n  <div class=\"circle-content\"><div class=\"stat\">0<\/div>Zero plant species have a flower or blossom completely black in color<\/div>\n<\/div>\n<\/div>\n\n\n\n<div class=\"wp-block-column is-layout-flow wp-block-column-is-layout-flow\">\n<div class=\"circle\">\n  <div class=\"circle-content\"><div class=\"stat\"><span style=\"font-size:80%;\">99.86<\/span><span style=\"font-size:60%;\">%<\/span><\/div>The Sun accounts for 99.86% of the mass in our solar system <\/div>\n<\/div>\n<\/div>\n<\/div>\n\n\n\n<hr class=\"wp-block-separator\"\/>\n\n\n\n<div class=\"wp-block-group how-lived\"><div class=\"wp-block-group__inner-container is-layout-flow wp-block-group-is-layout-flow\">\n<div class=\"wp-block-group\"><div class=\"wp-block-group__inner-container is-layout-flow wp-block-group-is-layout-flow\">\n<h3 class=\"wp-block-heading\"> \u00bfC\u00f3mo puedo vivir \u00abDescubrir cosas incre\u00edbles\u00bb?<\/h3>\n\n\n\n<blockquote class=\"wp-block-quote is-layout-flow wp-block-quote-is-layout-flow\"><p>\u2018DISCOVER Amazing Things!\u2019 is what The Earth Cube recommended today. I\u2019m working on a project this morning to prevent a river from being contaminated, to keep it clean for the next generation. Today, I need to go \u2018deeper\u2019 beyond the science to understand what is behind everything I do.<\/p><cite><em>(Indianapolis, USA)<\/em> <\/cite><\/blockquote>\n\n\n\n<blockquote class=\"wp-block-quote is-layout-flow wp-block-quote-is-layout-flow\"><p>Read articles about the different types of jewels and learned different types of ballroom dances.<\/p><cite>(California, USA)<\/cite><\/blockquote>\n\n\n\n<blockquote class=\"wp-block-quote is-layout-flow wp-block-quote-is-layout-flow\"><p>Instead of staying home i decided to go for a hike and i discovered many things that i actually enjoy walking. So I recommend for whoever is out there to try the earth cube because not only can it help our community but it can help us as human beings. <\/p><cite> <em>(California, U.S.A.)<\/em> <\/cite><\/blockquote>\n\n\n\n<blockquote class=\"wp-block-quote is-layout-flow wp-block-quote-is-layout-flow\"><p>I went running in the morning instead of the afternoon and found that I enjoyed it a lot more and realized how beautiful the park is at that time. <\/p><cite><em>(California, U.S.A.)<\/em><\/cite><\/blockquote>\n\n\n\n<blockquote class=\"wp-block-quote is-layout-flow wp-block-quote-is-layout-flow\"><p>Ho guardato die documentari sul polo nord ma anche altri documentari sulla natura in generale. [I watched documentaries on the north pole but also other documentaries on nature in general.]<\/p><cite><em>(Brescia, Italy)<\/em><\/cite><\/blockquote>\n<\/div><\/div>\n<\/div><\/div>\n\n\n\n<hr class=\"wp-block-separator\"\/>\n\n\n\n<div class=\"wp-block-group\"><div class=\"wp-block-group__inner-container is-layout-flow wp-block-group-is-layout-flow\">\n<h2 class=\"wp-block-heading\">Mas ideas!<\/h2>\n\n\n\n<figure class=\"wp-block-gallery columns-6 is-cropped wp-block-gallery-1 is-layout-flex wp-block-gallery-is-layout-flex\"><ul class=\"blocks-gallery-grid\"><li class=\"blocks-gallery-item\"><figure><img loading=\"lazy\" decoding=\"async\" width=\"600\" height=\"593\" src=\"https:\/\/theearthcube.org\/media\/gift-600-es-1.jpg\" alt=\"\" data-id=\"2086\" data-full-url=\"https:\/\/theearthcube.org\/media\/gift-600-es-1.jpg\" data-link=\"https:\/\/theearthcube.org\/es\/cube-faces\/gift\/gift-600-es\/\" class=\"wp-image-2086\" srcset=\"https:\/\/theearthcube.org\/media\/gift-600-es-1.jpg 600w, https:\/\/theearthcube.org\/media\/gift-600-es-1-300x297.jpg 300w\" sizes=\"auto, (max-width: 600px) 100vw, 600px\" \/><\/figure><\/li><li class=\"blocks-gallery-item\"><figure><img loading=\"lazy\" decoding=\"async\" width=\"600\" height=\"593\" src=\"https:\/\/theearthcube.org\/media\/need-600-es.jpg\" alt=\"\" data-id=\"2078\" data-full-url=\"https:\/\/theearthcube.org\/media\/need-600-es.jpg\" data-link=\"https:\/\/theearthcube.org\/es\/cube-faces\/gift\/need-600-es\/\" class=\"wp-image-2078\" srcset=\"https:\/\/theearthcube.org\/media\/need-600-es.jpg 600w, https:\/\/theearthcube.org\/media\/need-600-es-300x297.jpg 300w\" sizes=\"auto, (max-width: 600px) 100vw, 600px\" \/><\/figure><\/li><li class=\"blocks-gallery-item\"><figure><img loading=\"lazy\" decoding=\"async\" width=\"600\" height=\"593\" src=\"https:\/\/theearthcube.org\/media\/smile-600-es.jpg\" alt=\"\" data-id=\"2064\" data-full-url=\"https:\/\/theearthcube.org\/media\/smile-600-es.jpg\" data-link=\"https:\/\/theearthcube.org\/es\/cube-faces\/gift\/smile-600-es\/\" class=\"wp-image-2064\" srcset=\"https:\/\/theearthcube.org\/media\/smile-600-es.jpg 600w, https:\/\/theearthcube.org\/media\/smile-600-es-300x297.jpg 300w\" sizes=\"auto, (max-width: 600px) 100vw, 600px\" \/><\/figure><\/li><li class=\"blocks-gallery-item\"><figure><img loading=\"lazy\" decoding=\"async\" width=\"600\" height=\"593\" src=\"https:\/\/theearthcube.org\/media\/now-600-es.jpg\" alt=\"\" data-id=\"2057\" data-full-url=\"https:\/\/theearthcube.org\/media\/now-600-es.jpg\" data-link=\"https:\/\/theearthcube.org\/es\/cube-faces\/gift\/now-600-es\/\" class=\"wp-image-2057\" srcset=\"https:\/\/theearthcube.org\/media\/now-600-es.jpg 600w, https:\/\/theearthcube.org\/media\/now-600-es-300x297.jpg 300w\" sizes=\"auto, (max-width: 600px) 100vw, 600px\" \/><\/figure><\/li><li class=\"blocks-gallery-item\"><figure><img loading=\"lazy\" decoding=\"async\" width=\"611\" height=\"603\" src=\"https:\/\/theearthcube.org\/media\/connected-600-es.jpg\" alt=\"\" data-id=\"2071\" data-full-url=\"https:\/\/theearthcube.org\/media\/connected-600-es.jpg\" data-link=\"https:\/\/theearthcube.org\/es\/cube-faces\/gift\/connected-600-es\/\" class=\"wp-image-2071\" srcset=\"https:\/\/theearthcube.org\/media\/connected-600-es.jpg 611w, https:\/\/theearthcube.org\/media\/connected-600-es-300x296.jpg 300w\" sizes=\"auto, (max-width: 611px) 100vw, 611px\" \/><\/figure><\/li><li class=\"blocks-gallery-item\"><figure><img loading=\"lazy\" decoding=\"async\" width=\"600\" height=\"593\" src=\"https:\/\/theearthcube.org\/media\/discover-600-es.jpg\" alt=\"\" data-id=\"2050\" data-full-url=\"https:\/\/theearthcube.org\/media\/discover-600-es.jpg\" data-link=\"https:\/\/theearthcube.org\/es\/cube-faces\/gift\/discover-600-es\/\" class=\"wp-image-2050\" srcset=\"https:\/\/theearthcube.org\/media\/discover-600-es.jpg 600w, https:\/\/theearthcube.org\/media\/discover-600-es-300x297.jpg 300w\" sizes=\"auto, (max-width: 600px) 100vw, 600px\" \/><\/figure><\/li><\/ul><\/figure>\n<\/div><\/div>\n","protected":false},"excerpt":{"rendered":"<p>\u00a1DESCUBRIR cosas incre\u00edbles! El mundo est\u00e1 lleno de toda clase de cosas incre\u00edbles entre sus picos m\u00e1s altos y sus profundos valles en el fondo del oc\u00e9ano. Una inmensa variedad \u2010 de personas, animales, plantas, insectos, microbios, suelos, rocas, r\u00edos, lagos, cascadas \u2010 est\u00e1 esperando para ser encontrado por nosotros! Con cada encuentro, nos estamos [&hellip;]<\/p>\n","protected":false},"author":3,"featured_media":1229,"parent":170,"menu_order":0,"comment_status":"closed","ping_status":"closed","template":"page_live.php","meta":{"_genesis_hide_title":false,"_genesis_hide_breadcrumbs":false,"_genesis_hide_singular_image":false,"_genesis_hide_footer_widgets":false,"_genesis_custom_body_class":"","_genesis_custom_post_class":"","_genesis_layout":"full-width-content","footnotes":""},"class_list":{"0":"post-1420","1":"page","2":"type-page","3":"status-publish","4":"has-post-thumbnail","6":"entry"},"jetpack_sharing_enabled":true,"_links":{"self":[{"href":"https:\/\/theearthcube.org\/es\/wp-json\/wp\/v2\/pages\/1420","targetHints":{"allow":["GET"]}}],"collection":[{"href":"https:\/\/theearthcube.org\/es\/wp-json\/wp\/v2\/pages"}],"about":[{"href":"https:\/\/theearthcube.org\/es\/wp-json\/wp\/v2\/types\/page"}],"author":[{"embeddable":true,"href":"https:\/\/theearthcube.org\/es\/wp-json\/wp\/v2\/users\/3"}],"replies":[{"embeddable":true,"href":"https:\/\/theearthcube.org\/es\/wp-json\/wp\/v2\/comments?post=1420"}],"version-history":[{"count":4,"href":"https:\/\/theearthcube.org\/es\/wp-json\/wp\/v2\/pages\/1420\/revisions"}],"predecessor-version":[{"id":2116,"href":"https:\/\/theearthcube.org\/es\/wp-json\/wp\/v2\/pages\/1420\/revisions\/2116"}],"up":[{"embeddable":true,"href":"https:\/\/theearthcube.org\/es\/wp-json\/wp\/v2\/pages\/170"}],"wp:featuredmedia":[{"embeddable":true,"href":"https:\/\/theearthcube.org\/es\/wp-json\/wp\/v2\/media\/1229"}],"wp:attachment":[{"href":"https:\/\/theearthcube.org\/es\/wp-json\/wp\/v2\/media?parent=1420"}],"curies":[{"name":"wp","href":"https:\/\/api.w.org\/{rel}","templated":true}]}}