{"id":162,"date":"2015-07-21T15:36:09","date_gmt":"2015-07-21T19:36:09","guid":{"rendered":"http:\/\/earth-cube.dev\/?page_id=162"},"modified":"2020-06-09T21:14:28","modified_gmt":"2020-06-10T01:14:28","slug":"sobre","status":"publish","type":"page","link":"https:\/\/theearthcube.org\/es\/sobre\/","title":{"rendered":"Sobre El Dado de la Tierra"},"content":{"rendered":"\n<p style=\"float: right; margin-left: 5%;\"><a class=\"button btn\" href=\"https:\/\/theearthcube.org\/es\/contact-us\">Cont\u00e1ctanos<\/a><\/p>\n\n\n\n<p>El Dado de la Tierra es una nueva estrategia motivacional para vivir m\u00e1s eficazmente los principios claves que apoyan un planeta sano y sostenible.<\/p>\n\n\n\n<p>Su objetivo es fomentar la transformaci\u00f3n de la actitud personal y colectiva a trav\u00e9s de respuestas centrada en la persona, orientadas a las necesidades del medio ambiente.<\/p>\n\n\n\n<ul class=\"wp-block-list\"><li>Todos Estamos Conectados<\/li><li>Descubrir Cosas Incre\u00edbles<\/li><li>Todo es un Regalo<\/li><li>Sonrie al Mundo<\/li><li>Solo lo que se necesita<\/li><li>Ahora Es El Momento<\/li><\/ul>\n\n\n\n<p>Se basa en un estilo de vida propuesto por el Proyecto EcoOne (<a href=\"http:\/\/www.ecoone.org\/\">www.ecoone.org<\/a>), una iniciativa cultural ecol\u00f3gica internacional presente en m\u00e1s de 180 pa\u00edses.<\/p>\n\n\n\n<p>\u00bfC\u00f3mo funciona el Dado de la Tierra? Lanzalo cada d\u00eda, luego lee el lado de la parte superior; despu\u00e9s encuentra una manera de vivir esas palabras ese d\u00eda y comparte los resultados con los dem\u00e1s.<\/p>\n\n\n\n<figure class=\"wp-block-embed-youtube wp-block-embed is-type-video is-provider-youtube wp-embed-aspect-16-9 wp-has-aspect-ratio\"><div class=\"wp-block-embed__wrapper\">\n<iframe loading=\"lazy\" title=\"El Dado de la Tierra (The Earth Cube - Subtitles in Spanish)\" width=\"500\" height=\"281\" src=\"https:\/\/www.youtube.com\/embed\/tKXqROoVzh4?feature=oembed\" frameborder=\"0\" allow=\"accelerometer; autoplay; clipboard-write; encrypted-media; gyroscope; picture-in-picture; web-share\" referrerpolicy=\"strict-origin-when-cross-origin\" allowfullscreen><\/iframe>\n<\/div><\/figure>\n\n\n\n<hr class=\"wp-block-separator\"\/>\n\n\n\n<p>[fts_facebook type=page id=808462762569711 access_token=EAAP9hArvboQBAPYSAxZCsKtQt8rSjylB6S2rPW3vnRiFVlntY6qXQr6FFaS5yz5PmJCOI1HI6K3sJ83CA5rOHSah2fQ4o3mCSvwUGQN3gUgjN7eZAMojYBp9RV1phwgEhgqPPFtD5asFHtZCAN4kafhuVUEmFQueG8UkLQRcAZDZD posts=1 description=yes posts_displayed=page_only]<\/p>\n","protected":false},"excerpt":{"rendered":"<p>Cont\u00e1ctanos El Dado de la Tierra es una nueva estrategia motivacional para vivir m\u00e1s eficazmente los principios claves que apoyan un planeta sano y sostenible. Su objetivo es fomentar la transformaci\u00f3n de la actitud personal y colectiva a trav\u00e9s de respuestas centrada en la persona, orientadas a las necesidades del medio ambiente. Todos Estamos Conectados [&hellip;]<\/p>\n","protected":false},"author":3,"featured_media":855,"parent":0,"menu_order":0,"comment_status":"closed","ping_status":"closed","template":"","meta":{"_genesis_hide_title":false,"_genesis_hide_breadcrumbs":false,"_genesis_hide_singular_image":false,"_genesis_hide_footer_widgets":false,"_genesis_custom_body_class":"","_genesis_custom_post_class":"","_genesis_layout":"content-sidebar","footnotes":""},"class_list":{"0":"post-162","1":"page","2":"type-page","3":"status-publish","4":"has-post-thumbnail","6":"entry"},"jetpack_sharing_enabled":true,"_links":{"self":[{"href":"https:\/\/theearthcube.org\/es\/wp-json\/wp\/v2\/pages\/162","targetHints":{"allow":["GET"]}}],"collection":[{"href":"https:\/\/theearthcube.org\/es\/wp-json\/wp\/v2\/pages"}],"about":[{"href":"https:\/\/theearthcube.org\/es\/wp-json\/wp\/v2\/types\/page"}],"author":[{"embeddable":true,"href":"https:\/\/theearthcube.org\/es\/wp-json\/wp\/v2\/users\/3"}],"replies":[{"embeddable":true,"href":"https:\/\/theearthcube.org\/es\/wp-json\/wp\/v2\/comments?post=162"}],"version-history":[{"count":19,"href":"https:\/\/theearthcube.org\/es\/wp-json\/wp\/v2\/pages\/162\/revisions"}],"predecessor-version":[{"id":1730,"href":"https:\/\/theearthcube.org\/es\/wp-json\/wp\/v2\/pages\/162\/revisions\/1730"}],"wp:featuredmedia":[{"embeddable":true,"href":"https:\/\/theearthcube.org\/es\/wp-json\/wp\/v2\/media\/855"}],"wp:attachment":[{"href":"https:\/\/theearthcube.org\/es\/wp-json\/wp\/v2\/media?parent=162"}],"curies":[{"name":"wp","href":"https:\/\/api.w.org\/{rel}","templated":true}]}}