{"id":2427,"date":"2025-06-20T13:29:17","date_gmt":"2025-06-20T17:29:17","guid":{"rendered":"https:\/\/theearthcube.org\/?page_id=2427"},"modified":"2025-06-20T14:20:23","modified_gmt":"2025-06-20T18:20:23","slug":"camisetas","status":"publish","type":"page","link":"https:\/\/theearthcube.org\/es\/camisetas\/","title":{"rendered":"Camisetas"},"content":{"rendered":"\n<p>Las camisetas Earth Cube se env\u00edan a nivel internacional. Consulta nuestra selecci\u00f3n y<a href=\"https:\/\/theearthcube.org\/es\/contact-us\/\" data-type=\"page\" data-id=\"1717\"> cont\u00e1ctanos para hacer tu pedido<\/a>.<\/p>\n\n\n\n<iframe loading=\"lazy\" id=\"fulfillengineiframe\" src=\"https:\/\/app.fulfillengine.com\/campaign\/mundell-store\" width=\"100%\" height=\"1000\" frameborder=\"0\" allowfullscreen=\"allowfullscreen\"><\/iframe>\n\n\n\n<div class=\"wp-block-buttons is-layout-flex wp-block-buttons-is-layout-flex\">\n<div class=\"wp-block-button\"><a class=\"wp-block-button__link has-background wp-element-button\" href=\"https:\/\/theearthcube.org\/es\/contact-us\/\" style=\"background-color:#72b686\">Cont\u00e1ctanos para env\u00edos internacionales<\/a><\/div>\n<\/div>\n","protected":false},"excerpt":{"rendered":"<p>Las camisetas Earth Cube se env\u00edan a nivel internacional. Consulta nuestra selecci\u00f3n y cont\u00e1ctanos para hacer tu pedido.<\/p>\n","protected":false},"author":3,"featured_media":0,"parent":0,"menu_order":0,"comment_status":"closed","ping_status":"closed","template":"","meta":{"_genesis_hide_title":false,"_genesis_hide_breadcrumbs":false,"_genesis_hide_singular_image":false,"_genesis_hide_footer_widgets":false,"_genesis_custom_body_class":"","_genesis_custom_post_class":"","_genesis_layout":"full-width-content","footnotes":""},"class_list":{"0":"post-2427","1":"page","2":"type-page","3":"status-publish","5":"entry"},"jetpack_sharing_enabled":true,"_links":{"self":[{"href":"https:\/\/theearthcube.org\/es\/wp-json\/wp\/v2\/pages\/2427","targetHints":{"allow":["GET"]}}],"collection":[{"href":"https:\/\/theearthcube.org\/es\/wp-json\/wp\/v2\/pages"}],"about":[{"href":"https:\/\/theearthcube.org\/es\/wp-json\/wp\/v2\/types\/page"}],"author":[{"embeddable":true,"href":"https:\/\/theearthcube.org\/es\/wp-json\/wp\/v2\/users\/3"}],"replies":[{"embeddable":true,"href":"https:\/\/theearthcube.org\/es\/wp-json\/wp\/v2\/comments?post=2427"}],"version-history":[{"count":9,"href":"https:\/\/theearthcube.org\/es\/wp-json\/wp\/v2\/pages\/2427\/revisions"}],"predecessor-version":[{"id":2479,"href":"https:\/\/theearthcube.org\/es\/wp-json\/wp\/v2\/pages\/2427\/revisions\/2479"}],"wp:attachment":[{"href":"https:\/\/theearthcube.org\/es\/wp-json\/wp\/v2\/media?parent=2427"}],"curies":[{"name":"wp","href":"https:\/\/api.w.org\/{rel}","templated":true}]}}