{"id":2443,"date":"2025-06-20T13:29:17","date_gmt":"2025-06-20T17:29:17","guid":{"rendered":"https:\/\/theearthcube.org\/camisetas\/"},"modified":"2025-06-20T14:23:38","modified_gmt":"2025-06-20T18:23:38","slug":"t-shirts","status":"publish","type":"page","link":"https:\/\/theearthcube.org\/fr\/t-shirts\/","title":{"rendered":"T-shirts"},"content":{"rendered":"\n<p>Les t-shirts Earth Cube sont livr\u00e9s \u00e0 l&rsquo;international. D\u00e9couvrez notre s\u00e9lection et <a href=\"https:\/\/theearthcube.org\/fr\/contact-us\/\" data-type=\"page\" data-id=\"1713\">contactez-nous pour passer commande.<\/a><\/p>\n\n\n\n<iframe loading=\"lazy\" id=\"fulfillengineiframe\" src=\"https:\/\/app.fulfillengine.com\/campaign\/mundell-store\" width=\"100%\" height=\"1000\" frameborder=\"0\" allowfullscreen=\"allowfullscreen\"><\/iframe>\n\n\n\n<div class=\"wp-block-buttons is-layout-flex wp-block-buttons-is-layout-flex\">\n<div class=\"wp-block-button\"><a class=\"wp-block-button__link has-background wp-element-button\" href=\"https:\/\/theearthcube.org\/fr\/contact-us\/\" style=\"background-color:#72b686\">Contactez-nous pour une exp\u00e9dition internationale<\/a><\/div>\n<\/div>\n","protected":false},"excerpt":{"rendered":"<p>Les t-shirts Earth Cube sont livr\u00e9s \u00e0 l&rsquo;international. D\u00e9couvrez notre s\u00e9lection et contactez-nous pour passer commande.<\/p>\n","protected":false},"author":3,"featured_media":0,"parent":0,"menu_order":0,"comment_status":"closed","ping_status":"closed","template":"","meta":{"_genesis_hide_title":false,"_genesis_hide_breadcrumbs":false,"_genesis_hide_singular_image":false,"_genesis_hide_footer_widgets":false,"_genesis_custom_body_class":"","_genesis_custom_post_class":"","_genesis_layout":"full-width-content","footnotes":""},"class_list":{"0":"post-2443","1":"page","2":"type-page","3":"status-publish","5":"entry"},"jetpack_sharing_enabled":true,"_links":{"self":[{"href":"https:\/\/theearthcube.org\/fr\/wp-json\/wp\/v2\/pages\/2443","targetHints":{"allow":["GET"]}}],"collection":[{"href":"https:\/\/theearthcube.org\/fr\/wp-json\/wp\/v2\/pages"}],"about":[{"href":"https:\/\/theearthcube.org\/fr\/wp-json\/wp\/v2\/types\/page"}],"author":[{"embeddable":true,"href":"https:\/\/theearthcube.org\/fr\/wp-json\/wp\/v2\/users\/3"}],"replies":[{"embeddable":true,"href":"https:\/\/theearthcube.org\/fr\/wp-json\/wp\/v2\/comments?post=2443"}],"version-history":[{"count":5,"href":"https:\/\/theearthcube.org\/fr\/wp-json\/wp\/v2\/pages\/2443\/revisions"}],"predecessor-version":[{"id":2483,"href":"https:\/\/theearthcube.org\/fr\/wp-json\/wp\/v2\/pages\/2443\/revisions\/2483"}],"wp:attachment":[{"href":"https:\/\/theearthcube.org\/fr\/wp-json\/wp\/v2\/media?parent=2443"}],"curies":[{"name":"wp","href":"https:\/\/api.w.org\/{rel}","templated":true}]}}