{"id":571,"date":"2015-07-07T17:32:45","date_gmt":"2015-07-07T21:32:45","guid":{"rendered":"https:\/\/theearthcube.org\/about-earth-cube\/"},"modified":"2020-06-09T21:13:35","modified_gmt":"2020-06-10T01:13:35","slug":"about-earth-cube","status":"publish","type":"page","link":"https:\/\/theearthcube.org\/fr\/about-earth-cube\/","title":{"rendered":"\u00c0 propos"},"content":{"rendered":"\n<p style=\"float: right; margin-left: 5%;\"><a class=\"button btn\" href=\"https:\/\/theearthcube.org\/fr\/contact-us\">Contactez-nous<\/a><\/p>\n\n\n\n<p>Le Cube de la Terre est une nouvelle strat\u00e9gie de motivation pour vivre efficacement selon des principes qui supportent une plan\u00e8te saine et durable. Il a pour but d\u2019encourager un changement d\u2019attitude personnelle et collective via des r\u00e9ponses aux besoins de l\u2019environnement actives et centr\u00e9es sur la personne.<\/p>\n\n\n\n<ul class=\"wp-block-list\"><li>Nous sommes tous LI\u00c9S<\/li><li>D\u00c9COUVREZ des Merveilles<\/li><li>Tout est un DON<\/li><li>SOURIEZ au Monde<\/li><li>SEULEMENT ce qui Suffit<\/li><li>Agissez MAINTENANT<\/li><\/ul>\n\n\n\n<p>Il se base sur un style de vie encourag\u00e9 par le projet EcoOne (<a href=\"http:\/\/www.ecoone.org\">www.ecoone.org<\/a>), une initiative internationale \u00e9cologique pr\u00e9sente dans plus de 180 pays.<\/p>\n\n\n\n<p>Comment fonctionne Le Cube de la Terre\u00ae? Prenez-le chaque jour, lancez-le, puis lisez la face sup\u00e9rieure, trouvez une fa\u00e7on de vivre ces mots ce jour-l\u00e0, et partagez les r\u00e9sultats avec d\u2019autres.<\/p>\n\n\n\n<figure class=\"wp-block-embed-youtube wp-block-embed is-type-video is-provider-youtube wp-embed-aspect-16-9 wp-has-aspect-ratio\"><div class=\"wp-block-embed__wrapper\">\n<iframe loading=\"lazy\" title=\"The Earth Cube Video Sept 2015\" width=\"500\" height=\"281\" src=\"https:\/\/www.youtube.com\/embed\/Rp9jQYv8-Lc?feature=oembed\" frameborder=\"0\" allow=\"accelerometer; autoplay; clipboard-write; encrypted-media; gyroscope; picture-in-picture; web-share\" referrerpolicy=\"strict-origin-when-cross-origin\" allowfullscreen><\/iframe>\n<\/div><\/figure>\n\n\n\n<hr class=\"wp-block-separator\"\/>\n\n\n\n<p> [fts_facebook type=page id=808462762569711 access_token=EAAP9hArvboQBAPYSAxZCsKtQt8rSjylB6S2rPW3vnRiFVlntY6qXQr6FFaS5yz5PmJCOI1HI6K3sJ83CA5rOHSah2fQ4o3mCSvwUGQN3gUgjN7eZAMojYBp9RV1phwgEhgqPPFtD5asFHtZCAN4kafhuVUEmFQueG8UkLQRcAZDZD posts=1 description=yes posts_displayed=page_only] <\/p>\n","protected":false},"excerpt":{"rendered":"<p>The Earth Cube is a motivational tool for supporting a healthy and sustainable planet. Its objective is to \u2026<\/p>\n","protected":false},"author":3,"featured_media":851,"parent":0,"menu_order":0,"comment_status":"closed","ping_status":"closed","template":"","meta":{"_genesis_hide_title":false,"_genesis_hide_breadcrumbs":false,"_genesis_hide_singular_image":false,"_genesis_hide_footer_widgets":false,"_genesis_custom_body_class":"","_genesis_custom_post_class":"","_genesis_layout":"content-sidebar","footnotes":""},"class_list":{"0":"post-571","1":"page","2":"type-page","3":"status-publish","4":"has-post-thumbnail","6":"entry"},"jetpack_sharing_enabled":true,"_links":{"self":[{"href":"https:\/\/theearthcube.org\/fr\/wp-json\/wp\/v2\/pages\/571","targetHints":{"allow":["GET"]}}],"collection":[{"href":"https:\/\/theearthcube.org\/fr\/wp-json\/wp\/v2\/pages"}],"about":[{"href":"https:\/\/theearthcube.org\/fr\/wp-json\/wp\/v2\/types\/page"}],"author":[{"embeddable":true,"href":"https:\/\/theearthcube.org\/fr\/wp-json\/wp\/v2\/users\/3"}],"replies":[{"embeddable":true,"href":"https:\/\/theearthcube.org\/fr\/wp-json\/wp\/v2\/comments?post=571"}],"version-history":[{"count":13,"href":"https:\/\/theearthcube.org\/fr\/wp-json\/wp\/v2\/pages\/571\/revisions"}],"predecessor-version":[{"id":1728,"href":"https:\/\/theearthcube.org\/fr\/wp-json\/wp\/v2\/pages\/571\/revisions\/1728"}],"wp:featuredmedia":[{"embeddable":true,"href":"https:\/\/theearthcube.org\/fr\/wp-json\/wp\/v2\/media\/851"}],"wp:attachment":[{"href":"https:\/\/theearthcube.org\/fr\/wp-json\/wp\/v2\/media?parent=571"}],"curies":[{"name":"wp","href":"https:\/\/api.w.org\/{rel}","templated":true}]}}