{"id":577,"date":"2015-07-21T15:35:14","date_gmt":"2015-07-21T19:35:14","guid":{"rendered":"https:\/\/theearthcube.org\/descarga\/"},"modified":"2020-10-02T13:11:30","modified_gmt":"2020-10-02T17:11:30","slug":"descarga","status":"publish","type":"page","link":"https:\/\/theearthcube.org\/fr\/descarga\/","title":{"rendered":"T\u00e9l\u00e9charger"},"content":{"rendered":"\n<p>Le Cube d\u2019Entreprise (The Company Cube\u00ae) sera bient\u00f4t disponible hors des \u00c9tats-Unis.<\/p>\n\n\n\n<p>En attendant, merci de <a href=\"https:\/\/theearthcube.org\/media\/Earth-Cube-French-Foldable.pdf\">t\u00e9l\u00e9charger la version papier<\/a> pour le construire vous-m\u00eame.<\/p>\n\n\n\n<figure class=\"wp-block-image\"><a href=\"https:\/\/theearthcube.org\/media\/Earth-Cube-French-Foldable.pdf\"><img loading=\"lazy\" decoding=\"async\" width=\"300\" height=\"194\" src=\"https:\/\/theearthcube.org\/media\/Earth-Cube-French-Foldable.jpg\" alt=\"\" class=\"wp-image-587\"\/><\/a><\/figure>\n","protected":false},"excerpt":{"rendered":"<p>T\u00e9l\u00e9charger la version papier pour le construire vous-m\u00eame !<\/p>\n<p><a href=\"https:\/\/theearthcube.org\/media\/Earth-Cube-French-Foldable.pdf\"><img loading=\"lazy\" decoding=\"async\" class=\" size-medium wp-image-175 alignleft\" src=\"https:\/\/theearthcube.org\/media\/the-earth-cube-flier-es-300x194.jpg\" width=\"300\" height=\"194\" srcset=\"https:\/\/theearthcube.org\/media\/the-earth-cube-flier-es-300x194.jpg 300w, https:\/\/theearthcube.org\/media\/the-earth-cube-flier-es.jpg 500w\" sizes=\"auto, (max-width: 300px) 100vw, 300px\" \/><\/a><\/p>\n","protected":false},"author":3,"featured_media":844,"parent":0,"menu_order":0,"comment_status":"closed","ping_status":"closed","template":"","meta":{"_genesis_hide_title":false,"_genesis_hide_breadcrumbs":false,"_genesis_hide_singular_image":false,"_genesis_hide_footer_widgets":false,"_genesis_custom_body_class":"","_genesis_custom_post_class":"","_genesis_layout":"full-width-content","footnotes":""},"class_list":{"0":"post-577","1":"page","2":"type-page","3":"status-publish","4":"has-post-thumbnail","6":"entry"},"jetpack_sharing_enabled":true,"_links":{"self":[{"href":"https:\/\/theearthcube.org\/fr\/wp-json\/wp\/v2\/pages\/577","targetHints":{"allow":["GET"]}}],"collection":[{"href":"https:\/\/theearthcube.org\/fr\/wp-json\/wp\/v2\/pages"}],"about":[{"href":"https:\/\/theearthcube.org\/fr\/wp-json\/wp\/v2\/types\/page"}],"author":[{"embeddable":true,"href":"https:\/\/theearthcube.org\/fr\/wp-json\/wp\/v2\/users\/3"}],"replies":[{"embeddable":true,"href":"https:\/\/theearthcube.org\/fr\/wp-json\/wp\/v2\/comments?post=577"}],"version-history":[{"count":4,"href":"https:\/\/theearthcube.org\/fr\/wp-json\/wp\/v2\/pages\/577\/revisions"}],"predecessor-version":[{"id":671,"href":"https:\/\/theearthcube.org\/fr\/wp-json\/wp\/v2\/pages\/577\/revisions\/671"}],"wp:featuredmedia":[{"embeddable":true,"href":"https:\/\/theearthcube.org\/fr\/wp-json\/wp\/v2\/media\/844"}],"wp:attachment":[{"href":"https:\/\/theearthcube.org\/fr\/wp-json\/wp\/v2\/media?parent=577"}],"curies":[{"name":"wp","href":"https:\/\/api.w.org\/{rel}","templated":true}]}}