{"id":2452,"date":"2025-06-20T13:29:17","date_gmt":"2025-06-20T17:29:17","guid":{"rendered":"https:\/\/theearthcube.org\/t-shirts\/"},"modified":"2025-06-20T14:27:32","modified_gmt":"2025-06-20T18:27:32","slug":"camisetas","status":"publish","type":"page","link":"https:\/\/theearthcube.org\/pt-br\/camisetas\/","title":{"rendered":"Camisetas"},"content":{"rendered":"\n<p>As camisetas Earth Cube s\u00e3o enviadas para o exterior. Confira nossa sele\u00e7\u00e3o e entre em <a href=\"https:\/\/theearthcube.org\/pt-br\/contact-us\/\" data-type=\"page\" data-id=\"1715\">contato para fazer seu pedido.<\/a><\/p>\n\n\n\n<iframe loading=\"lazy\" id=\"fulfillengineiframe\" src=\"https:\/\/app.fulfillengine.com\/campaign\/mundell-store\" width=\"100%\" height=\"1000\" frameborder=\"0\" allowfullscreen=\"allowfullscreen\"><\/iframe>\n\n\n\n<div class=\"wp-block-buttons is-layout-flex wp-block-buttons-is-layout-flex\">\n<div class=\"wp-block-button\"><a class=\"wp-block-button__link has-background wp-element-button\" href=\"https:\/\/theearthcube.org\/pt-br\/contact-us\/\" style=\"background-color:#72b686\">Entre em contato conosco para envio internacional<\/a><\/div>\n<\/div>\n","protected":false},"excerpt":{"rendered":"<p>As camisetas Earth Cube s\u00e3o enviadas para o exterior. Confira nossa sele\u00e7\u00e3o e entre em contato para fazer seu pedido.<\/p>\n","protected":false},"author":3,"featured_media":0,"parent":0,"menu_order":0,"comment_status":"closed","ping_status":"closed","template":"","meta":{"_genesis_hide_title":false,"_genesis_hide_breadcrumbs":false,"_genesis_hide_singular_image":false,"_genesis_hide_footer_widgets":false,"_genesis_custom_body_class":"","_genesis_custom_post_class":"","_genesis_layout":"full-width-content","footnotes":""},"class_list":{"0":"post-2452","1":"page","2":"type-page","3":"status-publish","5":"entry"},"jetpack_sharing_enabled":true,"_links":{"self":[{"href":"https:\/\/theearthcube.org\/pt-br\/wp-json\/wp\/v2\/pages\/2452","targetHints":{"allow":["GET"]}}],"collection":[{"href":"https:\/\/theearthcube.org\/pt-br\/wp-json\/wp\/v2\/pages"}],"about":[{"href":"https:\/\/theearthcube.org\/pt-br\/wp-json\/wp\/v2\/types\/page"}],"author":[{"embeddable":true,"href":"https:\/\/theearthcube.org\/pt-br\/wp-json\/wp\/v2\/users\/3"}],"replies":[{"embeddable":true,"href":"https:\/\/theearthcube.org\/pt-br\/wp-json\/wp\/v2\/comments?post=2452"}],"version-history":[{"count":4,"href":"https:\/\/theearthcube.org\/pt-br\/wp-json\/wp\/v2\/pages\/2452\/revisions"}],"predecessor-version":[{"id":2487,"href":"https:\/\/theearthcube.org\/pt-br\/wp-json\/wp\/v2\/pages\/2452\/revisions\/2487"}],"wp:attachment":[{"href":"https:\/\/theearthcube.org\/pt-br\/wp-json\/wp\/v2\/media?parent=2452"}],"curies":[{"name":"wp","href":"https:\/\/api.w.org\/{rel}","templated":true}]}}