{"id":286,"date":"2016-03-09T15:22:25","date_gmt":"2016-03-09T20:22:25","guid":{"rendered":"http:\/\/earth-cube.dev\/pt-br\/?page_id=286"},"modified":"2020-06-09T21:15:32","modified_gmt":"2020-06-10T01:15:32","slug":"sobre","status":"publish","type":"page","link":"https:\/\/theearthcube.org\/pt-br\/sobre\/","title":{"rendered":"Sobre o Dado da Terra"},"content":{"rendered":"\n<p style=\"float: right; margin-left: 5%;\"><a class=\"button btn\" href=\"https:\/\/theearthcube.org\/pt-br\/contact-us\">Fale conosco <\/a><\/p>\n\n\n\n<p>O Dado da Terra \u00e9 uma estrat\u00e9gia motivacional para viver os princ\u00edpios b\u00e1sicos de um planeta mais saud\u00e1vel e sustent\u00e1vel.<\/p>\n\n\n\n<p>O objetivo \u00e9 promover transforma\u00e7\u00f5es de atitudes pessoal e coletiva atraves de respostas centradas no indiv\u00edduo, orientadas para as necessidades do meio ambiente.<\/p>\n\n\n\n<ul class=\"wp-block-list\"><li>Todos Estamos Conectados<\/li><li>Descubrir Cosas Incre\u00edbles<\/li><li>Todo es un Regalo<\/li><li>Sonrie al Mundo<\/li><li>Solo lo que se necesita<\/li><li>Ahora Es El Momento<\/li><\/ul>\n\n\n\n<p>Baseia-se no estilo de vida proposto pelo Projeto EconOne (<a href=\"http:\/\/www.ecoone.org\/\">www.ecoone.org<\/a>), uma iniciativa cultural ecol\u00f3gica internacional presente em mais de 180 pa\u00edses.<\/p>\n\n\n\n<p>C\u00f3mo funcionada o Dado da Terra? Lance o dado cada dia, leia a face superior e encontre uma maneira de viver essas palavras nesse dia! Faca isso todos os dias e compartilhe os resultados com outras pessoas, encorajando-as a adotar essa pratica come voc\u00ea.<\/p>\n\n\n\n<figure class=\"wp-block-embed-youtube wp-block-embed is-type-video is-provider-youtube wp-embed-aspect-16-9 wp-has-aspect-ratio\"><div class=\"wp-block-embed__wrapper\">\n<iframe loading=\"lazy\" title=\"O Dado da Terra (The Earth Cube - subtitles in Portuguese)\" width=\"500\" height=\"281\" src=\"https:\/\/www.youtube.com\/embed\/k42b_U4xiOI?feature=oembed\" frameborder=\"0\" allow=\"accelerometer; autoplay; clipboard-write; encrypted-media; gyroscope; picture-in-picture; web-share\" referrerpolicy=\"strict-origin-when-cross-origin\" allowfullscreen><\/iframe>\n<\/div><\/figure>\n\n\n\n<hr class=\"wp-block-separator\"\/>\n\n\n\n<p> [fts_facebook type=page id=808462762569711 access_token=EAAP9hArvboQBAPYSAxZCsKtQt8rSjylB6S2rPW3vnRiFVlntY6qXQr6FFaS5yz5PmJCOI1HI6K3sJ83CA5rOHSah2fQ4o3mCSvwUGQN3gUgjN7eZAMojYBp9RV1phwgEhgqPPFtD5asFHtZCAN4kafhuVUEmFQueG8UkLQRcAZDZD posts=1 description=yes posts_displayed=page_only] <\/p>\n","protected":false},"excerpt":{"rendered":"<p>Fale conosco O Dado da Terra \u00e9 uma estrat\u00e9gia motivacional para viver os princ\u00edpios b\u00e1sicos de um planeta mais saud\u00e1vel e sustent\u00e1vel. O objetivo \u00e9 promover transforma\u00e7\u00f5es de atitudes pessoal e coletiva atraves de respostas centradas no indiv\u00edduo, orientadas para as necessidades do meio ambiente. Todos Estamos Conectados Descubrir Cosas Incre\u00edbles Todo es un Regalo [&hellip;]<\/p>\n","protected":false},"author":3,"featured_media":853,"parent":0,"menu_order":0,"comment_status":"closed","ping_status":"closed","template":"","meta":{"_genesis_hide_title":false,"_genesis_hide_breadcrumbs":false,"_genesis_hide_singular_image":false,"_genesis_hide_footer_widgets":false,"_genesis_custom_body_class":"","_genesis_custom_post_class":"","_genesis_layout":"content-sidebar","footnotes":""},"class_list":{"0":"post-286","1":"page","2":"type-page","3":"status-publish","4":"has-post-thumbnail","6":"entry"},"jetpack_sharing_enabled":true,"_links":{"self":[{"href":"https:\/\/theearthcube.org\/pt-br\/wp-json\/wp\/v2\/pages\/286","targetHints":{"allow":["GET"]}}],"collection":[{"href":"https:\/\/theearthcube.org\/pt-br\/wp-json\/wp\/v2\/pages"}],"about":[{"href":"https:\/\/theearthcube.org\/pt-br\/wp-json\/wp\/v2\/types\/page"}],"author":[{"embeddable":true,"href":"https:\/\/theearthcube.org\/pt-br\/wp-json\/wp\/v2\/users\/3"}],"replies":[{"embeddable":true,"href":"https:\/\/theearthcube.org\/pt-br\/wp-json\/wp\/v2\/comments?post=286"}],"version-history":[{"count":14,"href":"https:\/\/theearthcube.org\/pt-br\/wp-json\/wp\/v2\/pages\/286\/revisions"}],"predecessor-version":[{"id":1732,"href":"https:\/\/theearthcube.org\/pt-br\/wp-json\/wp\/v2\/pages\/286\/revisions\/1732"}],"wp:featuredmedia":[{"embeddable":true,"href":"https:\/\/theearthcube.org\/pt-br\/wp-json\/wp\/v2\/media\/853"}],"wp:attachment":[{"href":"https:\/\/theearthcube.org\/pt-br\/wp-json\/wp\/v2\/media?parent=286"}],"curies":[{"name":"wp","href":"https:\/\/api.w.org\/{rel}","templated":true}]}}