{"id":291,"date":"2015-07-07T17:39:49","date_gmt":"2015-07-07T21:39:49","guid":{"rendered":"http:\/\/earth-cube.dev\/pt-br\/buy\/"},"modified":"2020-11-24T09:54:44","modified_gmt":"2020-11-24T14:54:44","slug":"compras","status":"publish","type":"page","link":"https:\/\/theearthcube.org\/pt-br\/compras\/","title":{"rendered":"Informa\u00e7\u00f5es sobre compras"},"content":{"rendered":"\n<p><\/p>\n\n\n\n<p>El Dado Terra (The Earth Cube<sup>\u00ae<\/sup>) em breve estar\u00e1 dispon\u00edvel tamb\u00e9m fora dos Estados Unidos.<\/p>\n\n\n\n<p>Faz o download de um dado desdobr\u00e1vel ou completa a brochura.<\/p>\n\n\n\n<div class=\"wp-block-columns is-layout-flex wp-container-core-columns-is-layout-9d6595d7 wp-block-columns-is-layout-flex\">\n<div class=\"wp-block-column is-layout-flow wp-block-column-is-layout-flow\">\n<figure class=\"wp-block-image wp-image-295 size-full\"><a href=\"https:\/\/theearthcube.org\/media\/the-earth-cube-flier-pt-br.pdf\"><img decoding=\"async\" src=\"https:\/\/theearthcube.org\/media\/earth-cube-flier-pt.jpg\" alt=\"earth-cube-flier-pt\" class=\"wp-image-295\"\/><\/a><figcaption>um dado desdobr\u00e1vel<\/figcaption><\/figure>\n<\/div>\n\n\n\n<div class=\"wp-block-column is-layout-flow wp-block-column-is-layout-flow\">\n<div class=\"wp-block-image\"><figure class=\"alignleft size-medium\"><a href=\"https:\/\/theearthcube.org\/media\/the-earth-cube-brochure-folded-pt-br.pdf\"><img loading=\"lazy\" decoding=\"async\" width=\"241\" height=\"300\" src=\"https:\/\/theearthcube.org\/media\/earth-cube-brochure-pt-br-241x300.jpg\" alt=\"\" class=\"wp-image-2210\" srcset=\"https:\/\/theearthcube.org\/media\/earth-cube-brochure-pt-br-241x300.jpg 241w, https:\/\/theearthcube.org\/media\/earth-cube-brochure-pt-br.jpg 443w\" sizes=\"auto, (max-width: 241px) 100vw, 241px\" \/><\/a><figcaption>completa a brochura<\/figcaption><\/figure><\/div>\n<\/div>\n<\/div>\n","protected":false},"excerpt":{"rendered":"<p>Queres o teu pr\u00f3prio dado para lan\u00e7ar? <br \/>Faz o download de um dado em papel ou cartilha completa:<\/p>\n<p><a href=\"https:\/\/theearthcube.org\/pt-br\/compras\/\" rel=\"\"><img loading=\"lazy\" decoding=\"async\" class=\"wp-image-295 size-full\" src=\"https:\/\/theearthcube.org\/media\/earth-cube-flier-pt.jpg\" alt=\"earth-cube-flier-pt\" width=\"400\" height=\"259\" \/><\/a><\/p>\n","protected":false},"author":3,"featured_media":846,"parent":0,"menu_order":0,"comment_status":"closed","ping_status":"closed","template":"","meta":{"_genesis_hide_title":false,"_genesis_hide_breadcrumbs":false,"_genesis_hide_singular_image":false,"_genesis_hide_footer_widgets":false,"_genesis_custom_body_class":"","_genesis_custom_post_class":"","_genesis_layout":"full-width-content","footnotes":""},"class_list":{"0":"post-291","1":"page","2":"type-page","3":"status-publish","4":"has-post-thumbnail","6":"entry"},"jetpack_sharing_enabled":true,"_links":{"self":[{"href":"https:\/\/theearthcube.org\/pt-br\/wp-json\/wp\/v2\/pages\/291","targetHints":{"allow":["GET"]}}],"collection":[{"href":"https:\/\/theearthcube.org\/pt-br\/wp-json\/wp\/v2\/pages"}],"about":[{"href":"https:\/\/theearthcube.org\/pt-br\/wp-json\/wp\/v2\/types\/page"}],"author":[{"embeddable":true,"href":"https:\/\/theearthcube.org\/pt-br\/wp-json\/wp\/v2\/users\/3"}],"replies":[{"embeddable":true,"href":"https:\/\/theearthcube.org\/pt-br\/wp-json\/wp\/v2\/comments?post=291"}],"version-history":[{"count":15,"href":"https:\/\/theearthcube.org\/pt-br\/wp-json\/wp\/v2\/pages\/291\/revisions"}],"predecessor-version":[{"id":2214,"href":"https:\/\/theearthcube.org\/pt-br\/wp-json\/wp\/v2\/pages\/291\/revisions\/2214"}],"wp:featuredmedia":[{"embeddable":true,"href":"https:\/\/theearthcube.org\/pt-br\/wp-json\/wp\/v2\/media\/846"}],"wp:attachment":[{"href":"https:\/\/theearthcube.org\/pt-br\/wp-json\/wp\/v2\/media?parent=291"}],"curies":[{"name":"wp","href":"https:\/\/api.w.org\/{rel}","templated":true}]}}