{"id":320,"date":"2015-07-10T14:13:35","date_gmt":"2015-07-10T18:13:35","guid":{"rendered":"http:\/\/earth-cube.dev\/pt-br\/share\/"},"modified":"2020-06-09T20:52:06","modified_gmt":"2020-06-10T00:52:06","slug":"compartilhe-experiencia","status":"publish","type":"page","link":"https:\/\/theearthcube.org\/pt-br\/compartilhe-experiencia\/","title":{"rendered":"Compartilhe sua experi\u00eancia"},"content":{"rendered":"<p>Partilhe a sua pr\u00f3pria aventura de viver o dado.<\/p>\n<blockquote>\n<p>Hoje foi um Dado da Terra especial, &#8220;duplo&#8221; &#8230; vivi dois lados do cubo ao mesmo tempo: &#8220;O momento \u00e9 agora!&#8221; e &#8220;Sorria para o Mundo!&#8221;. Eu olhei minha gaveta de meias, percebi que eu possu\u00eda muitas, logo poderia compartilhar. Ent\u00e3o eu empacotei aquelas extras para doar a outras pessoas. Menos \u00e9 mais! (Paris, Fran\u00e7a)<\/p>\n<\/blockquote>\n\n<div class=\"frm_forms  with_frm_style frm_style_formidable-style\" id=\"frm_form_2_container\" >\n<form enctype=\"multipart\/form-data\" method=\"post\" class=\"frm-show-form  frm_pro_form \" id=\"form_share-it\" >\n<div class=\"frm_form_fields \">\n<fieldset>\n<legend class=\"frm_screen_reader\">Share it<\/legend>\r\n\r\n<div class=\"frm_fields_container\">\n<input type=\"hidden\" name=\"frm_action\" value=\"create\" \/>\n<input type=\"hidden\" name=\"form_id\" value=\"2\" \/>\n<input type=\"hidden\" name=\"frm_hide_fields_2\" id=\"frm_hide_fields_2\" value=\"\" \/>\n<input type=\"hidden\" name=\"form_key\" value=\"share-it\" \/>\n<input type=\"hidden\" name=\"item_meta[0]\" value=\"\" \/>\n<input type=\"hidden\" id=\"frm_submit_entry_2\" name=\"frm_submit_entry_2\" value=\"2f20bba1a6\" \/><input type=\"hidden\" name=\"_wp_http_referer\" value=\"\/pt-br\/wp-json\/wp\/v2\/pages\/320\" \/><div id=\"frm_field_6_container\" class=\"frm_form_field form-field  frm_required_field frm_top_container frm_first frm_half\">\r\n    <label for=\"field_firstname\" id=\"field_firstname_label\" class=\"frm_primary_label\">Nome\r\n        <span class=\"frm_required\">*<\/span>\r\n    <\/label>\r\n    <input  type=\"text\" id=\"field_firstname\" name=\"item_meta[6]\" value=\"\"  data-reqmsg=\"Este campo \u00e9 obrigat\u00f3rio.\" aria-required=\"true\" data-invmsg=\"Inv\u00e1lido\" aria-invalid=\"false\"   aria-describedby=\"frm_desc_field_firstname\" \/>\r\n    <div class=\"frm_description\" id=\"frm_desc_field_firstname\">Nome pr\u00f3prio<\/div>\r\n    \r\n<\/div>\n<div id=\"frm_field_7_container\" class=\"frm_form_field form-field  frm_required_field frm_hidden_container frm_half\">\r\n    <label for=\"field_lastname\" id=\"field_lastname_label\" class=\"frm_primary_label\">Apelido\r\n        <span class=\"frm_required\">*<\/span>\r\n    <\/label>\r\n    <input  type=\"text\" id=\"field_lastname\" name=\"item_meta[7]\" value=\"\"  data-reqmsg=\"Este campo \u00e9 obrigat\u00f3rio.\" aria-required=\"true\" data-invmsg=\"Inv\u00e1lido\" aria-invalid=\"false\"   aria-describedby=\"frm_desc_field_lastname\" \/>\r\n    <div class=\"frm_description\" id=\"frm_desc_field_lastname\">Apelido<\/div>\r\n    \r\n<\/div>\n<div id=\"frm_field_14_container\" class=\"frm_form_field form-field  frm_none_container vertical_radio\">\r\n    <div  id=\"field_nbsp_label\" class=\"frm_primary_label\">Sharing\r\n        <span class=\"frm_required\"><\/span>\r\n    <\/div>\r\n    <div class=\"frm_opt_container\" aria-labelledby=\"field_nbsp_label\" role=\"group\">\t\t<div class=\"frm_checkbox\" id=\"frm_checkbox_14-0\">\t\t\t<label  for=\"field_nbsp-0\">\n\t\t\t<input type=\"checkbox\" name=\"item_meta[14][]\" id=\"field_nbsp-0\" value=\"I authorize website, print, or email use of this experience by The Earth Cube and attest that I am over 13 years of age.\"  data-invmsg=\"Sharing \u00e9 inv\u00e1lido\"   \/> Autorizo \u200b\u200bo uso do site, imprima ou envie por e-mail essa experi\u00eancia pelo The Earth Cube e atesto que tenho mais de 13 anos de idade.<\/label><\/div>\n<\/div>\r\n    \r\n    \r\n<\/div>\n<div id=\"frm_field_15_container\" class=\"frm_form_field form-field  frm_top_container vertical_radio\">\r\n    <div  id=\"field_pleaseindicate_label\" class=\"frm_primary_label\">Please indicate how you would like your information to be shown. All submissions will include a country.\r\n        <span class=\"frm_required\"><\/span>\r\n    <\/div>\r\n    <div class=\"frm_opt_container\" aria-labelledby=\"field_pleaseindicate_label\" role=\"group\">\t\t<div class=\"frm_checkbox\" id=\"frm_checkbox_15-0\">\t\t\t<label  for=\"field_pleaseindicate-0\">\n\t\t\t<input type=\"checkbox\" name=\"item_meta[15][]\" id=\"field_pleaseindicate-0\" value=\"fullname\"  data-invmsg=\"Please indicate how you would like your information to be shown. All submissions will include a country. \u00e9 inv\u00e1lido\"   \/> Nome pr\u00f3prio + Apelido<\/label><\/div>\n\t\t<div class=\"frm_checkbox\" id=\"frm_checkbox_15-1\">\t\t\t<label  for=\"field_pleaseindicate-1\">\n\t\t\t<input type=\"checkbox\" name=\"item_meta[15][]\" id=\"field_pleaseindicate-1\" value=\"firstname\"  data-invmsg=\"Please indicate how you would like your information to be shown. All submissions will include a country. \u00e9 inv\u00e1lido\"   \/> Nome pr\u00f3prio<\/label><\/div>\n\t\t<div class=\"frm_checkbox\" id=\"frm_checkbox_15-4\">\t\t\t<label  for=\"field_pleaseindicate-4\">\n\t\t\t<input type=\"checkbox\" name=\"item_meta[15][]\" id=\"field_pleaseindicate-4\" value=\"initials\"  data-invmsg=\"Please indicate how you would like your information to be shown. All submissions will include a country. \u00e9 inv\u00e1lido\"   \/> Iniciais<\/label><\/div>\n\t\t<div class=\"frm_checkbox\" id=\"frm_checkbox_15-2\">\t\t\t<label  for=\"field_pleaseindicate-2\">\n\t\t\t<input type=\"checkbox\" name=\"item_meta[15][]\" id=\"field_pleaseindicate-2\" value=\"City\"  data-invmsg=\"Please indicate how you would like your information to be shown. All submissions will include a country. \u00e9 inv\u00e1lido\"   \/> Cidade<\/label><\/div>\n\t\t<div class=\"frm_checkbox\" id=\"frm_checkbox_15-3\">\t\t\t<label  for=\"field_pleaseindicate-3\">\n\t\t\t<input type=\"checkbox\" name=\"item_meta[15][]\" id=\"field_pleaseindicate-3\" value=\"State\"  data-invmsg=\"Please indicate how you would like your information to be shown. All submissions will include a country. \u00e9 inv\u00e1lido\"   \/> Estado<\/label><\/div>\n<\/div>\r\n    \r\n    \r\n<\/div>\n<div id=\"frm_field_13_container\" class=\"frm_form_field form-field  frm_required_field frm_top_container\">\r\n    <label for=\"field_city\" id=\"field_city_label\" class=\"frm_primary_label\">Cidade\r\n        <span class=\"frm_required\">*<\/span>\r\n    <\/label>\r\n    <input  type=\"text\" id=\"field_city\" name=\"item_meta[13]\" value=\"\"  data-reqmsg=\"Este campo \u00e9 obrigat\u00f3rio.\" aria-required=\"true\" data-invmsg=\"Inv\u00e1lido\" aria-invalid=\"false\"   \/>\r\n    \r\n    \r\n<\/div>\n<div id=\"frm_field_16_container\" class=\"frm_form_field form-field  frm_required_field frm_top_container\">\r\n    <label for=\"field_state\" id=\"field_state_label\" class=\"frm_primary_label\">Estado \/ Prov\u00edncia\r\n        <span class=\"frm_required\">*<\/span>\r\n    <\/label>\r\n    <input  type=\"text\" id=\"field_state\" name=\"item_meta[16]\" value=\"\"  data-reqmsg=\"Este campo \u00e9 obrigat\u00f3rio.\" aria-required=\"true\" data-invmsg=\"Inv\u00e1lido\" aria-invalid=\"false\"   \/>\r\n    \r\n    \r\n<\/div>\n<div id=\"frm_field_18_container\" class=\"frm_form_field form-field  frm_required_field frm_top_container\">\r\n    <label for=\"field_cs96u\" id=\"field_cs96u_label\" class=\"frm_primary_label\">Pa\u00eds\r\n        <span class=\"frm_required\">*<\/span>\r\n    <\/label>\r\n    \t\t<select name=\"item_meta[18]\" id=\"field_cs96u\"  data-reqmsg=\"Pa\u00eds cannot be blank.\" aria-required=\"true\" data-invmsg=\"Pa\u00eds \u00e9 inv\u00e1lido\" aria-invalid=\"false\"  >\n\t\t<option  value=\"Afghanistan\">Afghanistan<\/option><option  value=\"Aland Islands\">Aland Islands<\/option><option  value=\"Albania\">Albania<\/option><option  value=\"Algeria\">Algeria<\/option><option  value=\"American Samoa\">American Samoa<\/option><option  value=\"Andorra\">Andorra<\/option><option  value=\"Angola\">Angola<\/option><option  value=\"Anguilla\">Anguilla<\/option><option  value=\"Antarctica\">Antarctica<\/option><option  value=\"Antigua and Barbuda\">Antigua and Barbuda<\/option><option  value=\"Argentina\">Argentina<\/option><option  value=\"Armenia\">Armenia<\/option><option  value=\"Aruba\">Aruba<\/option><option  value=\"Australia\">Australia<\/option><option  value=\"Austria\">Austria<\/option><option  value=\"Azerbaijan\">Azerbaijan<\/option><option  value=\"Bahamas\">Bahamas<\/option><option  value=\"Bahrain\">Bahrain<\/option><option  value=\"Bangladesh\">Bangladesh<\/option><option  value=\"Barbados\">Barbados<\/option><option  value=\"Belarus\">Belarus<\/option><option  value=\"Belgium\">Belgium<\/option><option  value=\"Belize\">Belize<\/option><option  value=\"Benin\">Benin<\/option><option  value=\"Bermuda\">Bermuda<\/option><option  value=\"Bhutan\">Bhutan<\/option><option  value=\"Bolivia\">Bolivia<\/option><option  value=\"Bonaire, Sint Eustatius and Saba\">Bonaire, Sint Eustatius and Saba<\/option><option  value=\"Bosnia and Herzegovina\">Bosnia and Herzegovina<\/option><option  value=\"Botswana\">Botswana<\/option><option  value=\"Bouvet Island\">Bouvet Island<\/option><option  value=\"Brazil\">Brazil<\/option><option  value=\"British Indian Ocean Territory\">British Indian Ocean Territory<\/option><option  value=\"Brunei\">Brunei<\/option><option  value=\"Bulgaria\">Bulgaria<\/option><option  value=\"Burkina Faso\">Burkina Faso<\/option><option  value=\"Burundi\">Burundi<\/option><option  value=\"C\u00f4te d&#039;Ivoire\">C\u00f4te d&#039;Ivoire<\/option><option  value=\"Cambodia\">Cambodia<\/option><option  value=\"Cameroon\">Cameroon<\/option><option  value=\"Canada\">Canada<\/option><option  value=\"Cape Verde\">Cape Verde<\/option><option  value=\"Cayman Islands\">Cayman Islands<\/option><option  value=\"Central African Republic\">Central African Republic<\/option><option  value=\"Chad\">Chad<\/option><option  value=\"Chile\">Chile<\/option><option  value=\"China\">China<\/option><option  value=\"Christmas Island\">Christmas Island<\/option><option  value=\"Cocos (Keeling) Islands\">Cocos (Keeling) Islands<\/option><option  value=\"Colombia\">Colombia<\/option><option  value=\"Comoros\">Comoros<\/option><option  value=\"Congo\">Congo<\/option><option  value=\"Cook Islands\">Cook Islands<\/option><option  value=\"Costa Rica\">Costa Rica<\/option><option  value=\"Croatia\">Croatia<\/option><option  value=\"Cuba\">Cuba<\/option><option  value=\"Curacao\">Curacao<\/option><option  value=\"Cyprus\">Cyprus<\/option><option  value=\"Czech Republic\">Czech Republic<\/option><option  value=\"Denmark\">Denmark<\/option><option  value=\"Djibouti\">Djibouti<\/option><option  value=\"Dominica\">Dominica<\/option><option  value=\"Dominican Republic\">Dominican Republic<\/option><option  value=\"East Timor\">East Timor<\/option><option  value=\"Ecuador\">Ecuador<\/option><option  value=\"Egypt\">Egypt<\/option><option  value=\"El Salvador\">El Salvador<\/option><option  value=\"Equatorial Guinea\">Equatorial Guinea<\/option><option  value=\"Eritrea\">Eritrea<\/option><option  value=\"Estonia\">Estonia<\/option><option  value=\"Ethiopia\">Ethiopia<\/option><option  value=\"Falkland Islands (Malvinas)\">Falkland Islands (Malvinas)<\/option><option  value=\"Faroe Islands\">Faroe Islands<\/option><option  value=\"Fiji\">Fiji<\/option><option  value=\"Finland\">Finland<\/option><option  value=\"France\">France<\/option><option  value=\"French Guiana\">French Guiana<\/option><option  value=\"French Polynesia\">French Polynesia<\/option><option  value=\"French Southern Territories\">French Southern Territories<\/option><option  value=\"Gabon\">Gabon<\/option><option  value=\"Gambia\">Gambia<\/option><option  value=\"Georgia\">Georgia<\/option><option  value=\"Germany\">Germany<\/option><option  value=\"Ghana\">Ghana<\/option><option  value=\"Gibraltar\">Gibraltar<\/option><option  value=\"Greece\">Greece<\/option><option  value=\"Greenland\">Greenland<\/option><option  value=\"Grenada\">Grenada<\/option><option  value=\"Guadeloupe\">Guadeloupe<\/option><option  value=\"Guam\">Guam<\/option><option  value=\"Guatemala\">Guatemala<\/option><option  value=\"Guernsey\">Guernsey<\/option><option  value=\"Guinea\">Guinea<\/option><option  value=\"Guinea-Bissau\">Guinea-Bissau<\/option><option  value=\"Guyana\">Guyana<\/option><option  value=\"Haiti\">Haiti<\/option><option  value=\"Heard Island and McDonald Islands\">Heard Island and McDonald Islands<\/option><option  value=\"Holy See\">Holy See<\/option><option  value=\"Honduras\">Honduras<\/option><option  value=\"Hong Kong\">Hong Kong<\/option><option  value=\"Hungary\">Hungary<\/option><option  value=\"Iceland\">Iceland<\/option><option  value=\"India\">India<\/option><option  value=\"Indonesia\">Indonesia<\/option><option  value=\"Iran\">Iran<\/option><option  value=\"Iraq\">Iraq<\/option><option  value=\"Ireland\">Ireland<\/option><option  value=\"Isle of Man\">Isle of Man<\/option><option  value=\"Israel\">Israel<\/option><option  value=\"Italy\">Italy<\/option><option  value=\"Jamaica\">Jamaica<\/option><option  value=\"Japan\">Japan<\/option><option  value=\"Jersey\">Jersey<\/option><option  value=\"Jordan\">Jordan<\/option><option  value=\"Kazakhstan\">Kazakhstan<\/option><option  value=\"Kenya\">Kenya<\/option><option  value=\"Kiribati\">Kiribati<\/option><option  value=\"Kosovo\">Kosovo<\/option><option  value=\"Kuwait\">Kuwait<\/option><option  value=\"Kyrgyzstan\">Kyrgyzstan<\/option><option  value=\"Laos\">Laos<\/option><option  value=\"Latvia\">Latvia<\/option><option  value=\"Lebanon\">Lebanon<\/option><option  value=\"Lesotho\">Lesotho<\/option><option  value=\"Liberia\">Liberia<\/option><option  value=\"Libya\">Libya<\/option><option  value=\"Liechtenstein\">Liechtenstein<\/option><option  value=\"Lithuania\">Lithuania<\/option><option  value=\"Luxembourg\">Luxembourg<\/option><option  value=\"Macao\">Macao<\/option><option  value=\"Macedonia\">Macedonia<\/option><option  value=\"Madagascar\">Madagascar<\/option><option  value=\"Malawi\">Malawi<\/option><option  value=\"Malaysia\">Malaysia<\/option><option  value=\"Maldives\">Maldives<\/option><option  value=\"Mali\">Mali<\/option><option  value=\"Malta\">Malta<\/option><option  value=\"Marshall Islands\">Marshall Islands<\/option><option  value=\"Martinique\">Martinique<\/option><option  value=\"Mauritania\">Mauritania<\/option><option  value=\"Mauritius\">Mauritius<\/option><option  value=\"Mayotte\">Mayotte<\/option><option  value=\"Mexico\">Mexico<\/option><option  value=\"Micronesia\">Micronesia<\/option><option  value=\"Moldova\">Moldova<\/option><option  value=\"Monaco\">Monaco<\/option><option  value=\"Mongolia\">Mongolia<\/option><option  value=\"Montenegro\">Montenegro<\/option><option  value=\"Montserrat\">Montserrat<\/option><option  value=\"Morocco\">Morocco<\/option><option  value=\"Mozambique\">Mozambique<\/option><option  value=\"Myanmar\">Myanmar<\/option><option  value=\"Namibia\">Namibia<\/option><option  value=\"Nauru\">Nauru<\/option><option  value=\"Nepal\">Nepal<\/option><option  value=\"Netherlands\">Netherlands<\/option><option  value=\"New Caledonia\">New Caledonia<\/option><option  value=\"New Zealand\">New Zealand<\/option><option  value=\"Nicaragua\">Nicaragua<\/option><option  value=\"Niger\">Niger<\/option><option  value=\"Nigeria\">Nigeria<\/option><option  value=\"Niue\">Niue<\/option><option  value=\"Norfolk Island\">Norfolk Island<\/option><option  value=\"North Korea\">North Korea<\/option><option  value=\"Northern Mariana Islands\">Northern Mariana Islands<\/option><option  value=\"Norway\">Norway<\/option><option  value=\"Oman\">Oman<\/option><option  value=\"Pakistan\">Pakistan<\/option><option  value=\"Palau\">Palau<\/option><option  value=\"Palestine\">Palestine<\/option><option  value=\"Panama\">Panama<\/option><option  value=\"Papua New Guinea\">Papua New Guinea<\/option><option  value=\"Paraguay\">Paraguay<\/option><option  value=\"Peru\">Peru<\/option><option  value=\"Philippines\">Philippines<\/option><option  value=\"Pitcairn\">Pitcairn<\/option><option  value=\"Poland\">Poland<\/option><option  value=\"Portugal\">Portugal<\/option><option  value=\"Puerto Rico\">Puerto Rico<\/option><option  value=\"Qatar\">Qatar<\/option><option  value=\"Reunion\">Reunion<\/option><option  value=\"Romania\">Romania<\/option><option  value=\"Russia\">Russia<\/option><option  value=\"Rwanda\">Rwanda<\/option><option  value=\"Saint Barthelemy\">Saint Barthelemy<\/option><option  value=\"Saint Helena, Ascension and Tristan da Cunha\">Saint Helena, Ascension and Tristan da Cunha<\/option><option  value=\"Saint Kitts and Nevis\">Saint Kitts and Nevis<\/option><option  value=\"Saint Lucia\">Saint Lucia<\/option><option  value=\"Saint Martin (French part)\">Saint Martin (French part)<\/option><option  value=\"Saint Pierre and Miquelon\">Saint Pierre and Miquelon<\/option><option  value=\"Saint Vincent and the Grenadines\">Saint Vincent and the Grenadines<\/option><option  value=\"Samoa\">Samoa<\/option><option  value=\"San Marino\">San Marino<\/option><option  value=\"Sao Tome and Principe\">Sao Tome and Principe<\/option><option  value=\"Saudi Arabia\">Saudi Arabia<\/option><option  value=\"Senegal\">Senegal<\/option><option  value=\"Serbia\">Serbia<\/option><option  value=\"Seychelles\">Seychelles<\/option><option  value=\"Sierra Leone\">Sierra Leone<\/option><option  value=\"Singapore\">Singapore<\/option><option  value=\"Sint Maarten (Dutch part)\">Sint Maarten (Dutch part)<\/option><option  value=\"Slovakia\">Slovakia<\/option><option  value=\"Slovenia\">Slovenia<\/option><option  value=\"Solomon Islands\">Solomon Islands<\/option><option  value=\"Somalia\">Somalia<\/option><option  value=\"South Africa\">South Africa<\/option><option  value=\"South Georgia and the South Sandwich Islands\">South Georgia and the South Sandwich Islands<\/option><option  value=\"South Korea\">South Korea<\/option><option  value=\"South Sudan\">South Sudan<\/option><option  value=\"Spain\">Spain<\/option><option  value=\"Sri Lanka\">Sri Lanka<\/option><option  value=\"Sudan\">Sudan<\/option><option  value=\"Suriname\">Suriname<\/option><option  value=\"Svalbard and Jan Mayen\">Svalbard and Jan Mayen<\/option><option  value=\"Swaziland\">Swaziland<\/option><option  value=\"Sweden\">Sweden<\/option><option  value=\"Switzerland\">Switzerland<\/option><option  value=\"Syria\">Syria<\/option><option  value=\"Taiwan\">Taiwan<\/option><option  value=\"Tajikistan\">Tajikistan<\/option><option  value=\"Tanzania\">Tanzania<\/option><option  value=\"Thailand\">Thailand<\/option><option  value=\"Timor-Leste\">Timor-Leste<\/option><option  value=\"Togo\">Togo<\/option><option  value=\"Tokelau\">Tokelau<\/option><option  value=\"Tonga\">Tonga<\/option><option  value=\"Trinidad and Tobago\">Trinidad and Tobago<\/option><option  value=\"Tunisia\">Tunisia<\/option><option  value=\"Turkey\">Turkey<\/option><option  value=\"Turkmenistan\">Turkmenistan<\/option><option  value=\"Turks and Caicos Islands\">Turks and Caicos Islands<\/option><option  value=\"Tuvalu\">Tuvalu<\/option><option  value=\"Uganda\">Uganda<\/option><option  value=\"Ukraine\">Ukraine<\/option><option  value=\"United Arab Emirates\">United Arab Emirates<\/option><option  value=\"United Kingdom\">United Kingdom<\/option><option  value=\"United States\">United States<\/option><option  value=\"United States Minor Outlying Islands\">United States Minor Outlying Islands<\/option><option  value=\"Uruguay\">Uruguay<\/option><option  value=\"Uzbekistan\">Uzbekistan<\/option><option  value=\"Vanuatu\">Vanuatu<\/option><option  value=\"Vatican City\">Vatican City<\/option><option  value=\"Venezuela\">Venezuela<\/option><option  value=\"Vietnam\">Vietnam<\/option><option  value=\"Virgin Islands, British\">Virgin Islands, British<\/option><option  value=\"Virgin Islands, U.S.\">Virgin Islands, U.S.<\/option><option  value=\"Wallis and Futuna\">Wallis and Futuna<\/option><option  value=\"Western Sahara\">Western Sahara<\/option><option  value=\"Yemen\">Yemen<\/option><option  value=\"Zambia\">Zambia<\/option><option  value=\"Zimbabwe\">Zimbabwe<\/option>\t<\/select>\n\t\r\n    \r\n    \r\n<\/div>\n<div id=\"frm_field_10_container\" class=\"frm_form_field form-field  frm_required_field frm_top_container frm_full\">\r\n    <label for=\"field_yourexperience\" id=\"field_yourexperience_label\" class=\"frm_primary_label\">Sua experi\u00eancia\r\n        <span class=\"frm_required\">*<\/span>\r\n    <\/label>\r\n    <textarea name=\"item_meta[10]\" id=\"field_yourexperience\" rows=\"5\"  data-reqmsg=\"Este campo \u00e9 obrigat\u00f3rio.\" aria-required=\"true\" data-invmsg=\"Sua experi\u00eancia \u00e9 inv\u00e1lido\" aria-invalid=\"false\"  ><\/textarea>\r\n    \r\n    \r\n<\/div>\n<input type=\"hidden\" name=\"item_meta[33]\" id=\"field_4js5a-0\" value=\"\"     \/>\n<input type=\"hidden\" name=\"item_meta[32]\" id=\"field_jcdfy-0\" value=\"English\"  data-frmval=\"English\"   \/>\n<div id=\"frm_field_8_container\" class=\"frm_form_field form-field  frm_required_field frm_top_container frm_full\">\r\n    <label for=\"field_emailfor16\" id=\"field_emailfor16_label\" class=\"frm_primary_label\">Email\r\n        <span class=\"frm_required\">*<\/span>\r\n    <\/label>\r\n    <input type=\"email\" id=\"field_emailfor16\" name=\"item_meta[8]\" value=\"\"  data-reqmsg=\"Este campo \u00e9 obrigat\u00f3rio.\" aria-required=\"true\" data-invmsg=\"Por favor insira um endere\u00e7o de e-mail v\u00e1lido\" aria-invalid=\"false\"   aria-describedby=\"frm_desc_field_emailfor16\"\/>\r\n    <div class=\"frm_description\" id=\"frm_desc_field_emailfor16\">para contato sobre sua experi\u00eancia, se necess\u00e1rio<\/div>\r\n    \r\n<\/div>\n<div id=\"frm_field_11_container\" class=\"frm_form_field form-field  frm_required_field frm_none_container vertical_radio\">\r\n    <div  id=\"field_typea_label\" class=\"frm_primary_label\">policies\r\n        <span class=\"frm_required\">*<\/span>\r\n    <\/div>\r\n    <div class=\"frm_opt_container\" aria-labelledby=\"field_typea_label\" role=\"group\">\t\t<div class=\"frm_checkbox\" id=\"frm_checkbox_11-0\">\t\t\t<label  for=\"field_typea-0\">\n\t\t\t<input type=\"checkbox\" name=\"item_meta[11][]\" id=\"field_typea-0\" value=\"I agree to the Earth Cube &lt;a href=&quot;https:\/\/theearthcube.org\/privacy-policy&quot; target=&quot;_blank&quot;&gt;website policies&lt;\/a&gt;.\"  data-reqmsg=\"Este campo \u00e9 obrigat\u00f3rio.\" data-invmsg=\"policies \u00e9 inv\u00e1lido\"   aria-required=\"true\"  \/> I agree to the Earth Cube <a href=\"https:\/\/theearthcube.org\/privacy-policy\" target=\"_blank\">website policies<\/a>.<\/label><\/div>\n<\/div>\r\n    \r\n    \r\n<\/div>\n<div id=\"frm_field_30_container\" class=\"frm_form_field form-field  frm_none_container\">\r\n    <label for=\"g-recaptcha-response\" id=\"field_81chh_label\" class=\"frm_primary_label\">reCAPTCHA\r\n        <span class=\"frm_required\"><\/span>\r\n    <\/label>\r\n    <div  id=\"field_81chh\" class=\"frm-g-recaptcha\" data-sitekey=\"6LfhzywUAAAAAOcByI4Q7wcN_8nelXxfVK0IgXQ2\" data-size=\"invisible\" data-theme=\"light\"><\/div>\r\n    \r\n    \r\n<\/div>\n\t<input type=\"hidden\" name=\"item_key\" value=\"\" \/>\n\t\t\t<div id=\"frm_field_45_container\">\n\t\t\t<label for=\"field_cvu28\" >\n\t\t\t\tSe voc\u00ea \u00e9 humano, deixe este campo em branco.\t\t\t<\/label>\n\t\t\t<input  id=\"field_cvu28\" type=\"text\" class=\"frm_form_field form-field frm_verify\" name=\"item_meta[45]\" value=\"\"  \/>\n\t\t<\/div>\n\t\t<input name=\"frm_state\" type=\"hidden\" value=\"oaPYnu7xdjvkAonjnZpdQgYvdpXVh+uAtGtRDpySk5dRXhZnpR8aHIh4orIUFcgF\" \/><div class=\"frm_submit\">\r\n\r\n<button class=\"frm_button_submit frm_final_submit\" type=\"submit\"   formnovalidate=\"formnovalidate\">Enviar<\/button>\r\n\r\n<\/div><\/div>\n<\/fieldset>\n<\/div>\n\n<\/form>\n<\/div>\n","protected":false},"excerpt":{"rendered":"<p>Partilhe a sua pr\u00f3pria aventura de viver o dado. Hoje foi um Dado da Terra especial, &#8220;duplo&#8221; &#8230; vivi dois lados do cubo ao mesmo tempo: &#8220;O momento \u00e9 agora!&#8221; e &#8220;Sorria para o Mundo!&#8221;. Eu olhei minha gaveta de meias, percebi que eu possu\u00eda muitas, logo poderia compartilhar. Ent\u00e3o eu empacotei aquelas extras para [&hellip;]<\/p>\n","protected":false},"author":3,"featured_media":0,"parent":0,"menu_order":0,"comment_status":"closed","ping_status":"closed","template":"","meta":{"_genesis_hide_title":false,"_genesis_hide_breadcrumbs":false,"_genesis_hide_singular_image":false,"_genesis_hide_footer_widgets":false,"_genesis_custom_body_class":"","_genesis_custom_post_class":"","_genesis_layout":"full-width-content","footnotes":""},"class_list":{"0":"post-320","1":"page","2":"type-page","3":"status-publish","5":"entry"},"jetpack_sharing_enabled":true,"_links":{"self":[{"href":"https:\/\/theearthcube.org\/pt-br\/wp-json\/wp\/v2\/pages\/320","targetHints":{"allow":["GET"]}}],"collection":[{"href":"https:\/\/theearthcube.org\/pt-br\/wp-json\/wp\/v2\/pages"}],"about":[{"href":"https:\/\/theearthcube.org\/pt-br\/wp-json\/wp\/v2\/types\/page"}],"author":[{"embeddable":true,"href":"https:\/\/theearthcube.org\/pt-br\/wp-json\/wp\/v2\/users\/3"}],"replies":[{"embeddable":true,"href":"https:\/\/theearthcube.org\/pt-br\/wp-json\/wp\/v2\/comments?post=320"}],"version-history":[{"count":2,"href":"https:\/\/theearthcube.org\/pt-br\/wp-json\/wp\/v2\/pages\/320\/revisions"}],"predecessor-version":[{"id":1705,"href":"https:\/\/theearthcube.org\/pt-br\/wp-json\/wp\/v2\/pages\/320\/revisions\/1705"}],"wp:attachment":[{"href":"https:\/\/theearthcube.org\/pt-br\/wp-json\/wp\/v2\/media?parent=320"}],"curies":[{"name":"wp","href":"https:\/\/api.w.org\/{rel}","templated":true}]}}