{"id":2249,"date":"2016-09-23T14:13:20","date_gmt":"2016-09-23T18:13:20","guid":{"rendered":"https:\/\/theearthcube.org\/kids\/"},"modified":"2020-11-24T10:35:39","modified_gmt":"2020-11-24T15:35:39","slug":"kids","status":"publish","type":"page","link":"https:\/\/theearthcube.org\/pt-pt\/kids\/","title":{"rendered":"Descarregar O Dado da Terra para Crian\u00e7as"},"content":{"rendered":"\n<p>Lan\u00e7a O Dado da Terra todos os dias para descobrires uma forma de cuidar da cria\u00e7\u00e3o de Deus. Partilha o que fizeste com um amigo!<\/p>\n\n\n\n<p>Faz o download de um dado para come\u00e7ar!<\/p>\n\n\n\n<h2 class=\"wp-block-heading\">Portugu\u00eas<\/h2>\n\n\n\n<div class=\"wp-block-image\"><figure class=\"aligncenter size-large is-resized\"><a href=\"https:\/\/theearthcube.org\/media\/printout-kids-bw-pt-pt.pdf\"><img loading=\"lazy\" decoding=\"async\" src=\"https:\/\/theearthcube.org\/media\/kids-coloring-pt-pt-1024x791.jpg\" alt=\"\" class=\"wp-image-2258\" width=\"512\" height=\"396\" srcset=\"https:\/\/theearthcube.org\/media\/kids-coloring-pt-pt-1024x791.jpg 1024w, https:\/\/theearthcube.org\/media\/kids-coloring-pt-pt-300x232.jpg 300w, https:\/\/theearthcube.org\/media\/kids-coloring-pt-pt-768x593.jpg 768w, https:\/\/theearthcube.org\/media\/kids-coloring-pt-pt-1536x1187.jpg 1536w, https:\/\/theearthcube.org\/media\/kids-coloring-pt-pt-2048x1583.jpg 2048w\" sizes=\"auto, (max-width: 512px) 100vw, 512px\" \/><\/a><\/figure><\/div>\n\n\n\n<hr class=\"wp-block-separator is-style-default\"\/>\n\n\n\n<h2 class=\"wp-block-heading\">Ingl\u00eas<\/h2>\n\n\n\n<div class=\"wp-block-image\"><figure class=\"aligncenter size-full\"><a href=\"https:\/\/theearthcube.org\/media\/earth-cube-kids-flier.pdf\"><img loading=\"lazy\" decoding=\"async\" width=\"500\" height=\"322\" src=\"https:\/\/theearthcube.org\/media\/earth-cube-kids-flier.jpg\" alt=\"earth-cube-kids-flier\" class=\"wp-image-402\" srcset=\"https:\/\/theearthcube.org\/media\/earth-cube-kids-flier.jpg 500w, https:\/\/theearthcube.org\/media\/earth-cube-kids-flier-300x193.jpg 300w\" sizes=\"auto, (max-width: 500px) 100vw, 500px\" \/><\/a><\/figure><\/div>\n\n\n\n<div class=\"wp-block-image\"><figure class=\"aligncenter size-large is-resized\"><a href=\"https:\/\/theearthcube.org\/media\/printout-kids-coloring.pdf\"><img loading=\"lazy\" decoding=\"async\" src=\"https:\/\/theearthcube.org\/media\/kids-coloring-1024x791.jpg\" alt=\"\" class=\"wp-image-1493\" width=\"512\" height=\"396\" srcset=\"https:\/\/theearthcube.org\/media\/kids-coloring-1024x791.jpg 1024w, https:\/\/theearthcube.org\/media\/kids-coloring-300x232.jpg 300w, https:\/\/theearthcube.org\/media\/kids-coloring-768x593.jpg 768w, https:\/\/theearthcube.org\/media\/kids-coloring-1536x1187.jpg 1536w, https:\/\/theearthcube.org\/media\/kids-coloring-2048x1583.jpg 2048w\" sizes=\"auto, (max-width: 512px) 100vw, 512px\" \/><\/a><\/figure><\/div>\n","protected":false},"excerpt":{"rendered":"<p>Lan\u00e7a O Dado da Terra todos os dias para descobrires uma forma de cuidar da cria\u00e7\u00e3o de Deus. Partilha o que fizeste com um amigo! Faz o download de um dado para come\u00e7ar! Portugu\u00eas Ingl\u00eas<\/p>\n","protected":false},"author":3,"featured_media":0,"parent":0,"menu_order":0,"comment_status":"closed","ping_status":"closed","template":"kids-page.php","meta":{"_genesis_hide_title":false,"_genesis_hide_breadcrumbs":false,"_genesis_hide_singular_image":false,"_genesis_hide_footer_widgets":false,"_genesis_custom_body_class":"","_genesis_custom_post_class":"","_genesis_layout":"full-width-content","footnotes":""},"class_list":{"0":"post-2249","1":"page","2":"type-page","3":"status-publish","5":"entry","6":"has-post-thumbnail"},"jetpack_sharing_enabled":true,"_links":{"self":[{"href":"https:\/\/theearthcube.org\/pt-pt\/wp-json\/wp\/v2\/pages\/2249","targetHints":{"allow":["GET"]}}],"collection":[{"href":"https:\/\/theearthcube.org\/pt-pt\/wp-json\/wp\/v2\/pages"}],"about":[{"href":"https:\/\/theearthcube.org\/pt-pt\/wp-json\/wp\/v2\/types\/page"}],"author":[{"embeddable":true,"href":"https:\/\/theearthcube.org\/pt-pt\/wp-json\/wp\/v2\/users\/3"}],"replies":[{"embeddable":true,"href":"https:\/\/theearthcube.org\/pt-pt\/wp-json\/wp\/v2\/comments?post=2249"}],"version-history":[{"count":2,"href":"https:\/\/theearthcube.org\/pt-pt\/wp-json\/wp\/v2\/pages\/2249\/revisions"}],"predecessor-version":[{"id":2268,"href":"https:\/\/theearthcube.org\/pt-pt\/wp-json\/wp\/v2\/pages\/2249\/revisions\/2268"}],"wp:attachment":[{"href":"https:\/\/theearthcube.org\/pt-pt\/wp-json\/wp\/v2\/media?parent=2249"}],"curies":[{"name":"wp","href":"https:\/\/api.w.org\/{rel}","templated":true}]}}