{"id":418,"date":"2016-11-28T12:43:17","date_gmt":"2016-11-28T17:43:17","guid":{"rendered":"https:\/\/theearthcube.org\/pt-pt\/?page_id=418"},"modified":"2020-06-09T21:16:00","modified_gmt":"2020-06-10T01:16:00","slug":"acerca","status":"publish","type":"page","link":"https:\/\/theearthcube.org\/pt-pt\/acerca\/","title":{"rendered":"Acerca do Dado da Terra"},"content":{"rendered":"\n<p style=\"float: right; margin-left: 5%;\"><a class=\"button btn\" href=\"https:\/\/theearthcube.org\/pt-pt\/contact-us\">Fale conosco <\/a><\/p>\n\n\n\n<p>O Dado da Terra \u00e9 uma ferramenta motivacional para apoiar um planeta mais saud\u00e1vel e sustent\u00e1vel. O seu objetivo \u00e9 conduzir a uma atitude pessoal e coletiva transformadora. O dado encoraja a uma resposta centrada na rela\u00e7\u00e3o e orientada para a a\u00e7\u00e3o em rela\u00e7\u00e3o \u00e0s necessidades do meio ambiente.<\/p>\n\n\n\n<ul class=\"wp-block-list\"><li>Estamos todos Ligados<\/li><li>Descobrir Coisas Fant\u00e1sticas<\/li><li>Tudo \u00e9 um Dom<\/li><li>Apenas o que \u00e9 preciso<\/li><li>Sorri para o mundo<\/li><li>Agora \u00e9 o Tempo<\/li><\/ul>\n\n\n\n<p>O dado baseia-se no estilo de vida do Projeto EcoOne (<a href=\"http:\/\/www.ecoone.org\">www.ecoone.org<\/a>), uma iniciativa cultural ecol\u00f3gica internacional, ativa em mais de 180 pa\u00edses.<\/p>\n\n\n\n<p>Como funciona o dado? Lan\u00e7a-o, l\u00ea a mensagem na face do topo e encontra uma forma de a viver! Faz isto em cada dia, e partilha os resultados com os outros, encorajando-os a adotar esta pr\u00e1tica contigo.<\/p>\n\n\n\n<figure class=\"wp-block-embed-youtube wp-block-embed is-type-video is-provider-youtube wp-embed-aspect-16-9 wp-has-aspect-ratio\"><div class=\"wp-block-embed__wrapper\">\n<iframe loading=\"lazy\" title=\"O Dado da Terra (The Earth Cube - subtitles in Portuguese)\" width=\"500\" height=\"281\" src=\"https:\/\/www.youtube.com\/embed\/k42b_U4xiOI?feature=oembed\" frameborder=\"0\" allow=\"accelerometer; autoplay; clipboard-write; encrypted-media; gyroscope; picture-in-picture; web-share\" referrerpolicy=\"strict-origin-when-cross-origin\" allowfullscreen><\/iframe>\n<\/div><\/figure>\n\n\n\n<hr class=\"wp-block-separator\"\/>\n\n\n\n<p>[fts_facebook type=page id=808462762569711 access_token=EAAP9hArvboQBAPYSAxZCsKtQt8rSjylB6S2rPW3vnRiFVlntY6qXQr6FFaS5yz5PmJCOI1HI6K3sJ83CA5rOHSah2fQ4o3mCSvwUGQN3gUgjN7eZAMojYBp9RV1phwgEhgqPPFtD5asFHtZCAN4kafhuVUEmFQueG8UkLQRcAZDZD posts=1 description=yes posts_displayed=page_only] <\/p>\n","protected":false},"excerpt":{"rendered":"<p>Fale conosco O Dado da Terra \u00e9 uma ferramenta motivacional para apoiar um planeta mais saud\u00e1vel e sustent\u00e1vel. O seu objetivo \u00e9 conduzir a uma atitude pessoal e coletiva transformadora. O dado encoraja a uma resposta centrada na rela\u00e7\u00e3o e orientada para a a\u00e7\u00e3o em rela\u00e7\u00e3o \u00e0s necessidades do meio ambiente. Estamos todos Ligados Descobrir [&hellip;]<\/p>\n","protected":false},"author":3,"featured_media":854,"parent":0,"menu_order":0,"comment_status":"closed","ping_status":"closed","template":"","meta":{"_genesis_hide_title":false,"_genesis_hide_breadcrumbs":false,"_genesis_hide_singular_image":false,"_genesis_hide_footer_widgets":false,"_genesis_custom_body_class":"","_genesis_custom_post_class":"","_genesis_layout":"content-sidebar","footnotes":""},"class_list":{"0":"post-418","1":"page","2":"type-page","3":"status-publish","4":"has-post-thumbnail","6":"entry"},"jetpack_sharing_enabled":true,"_links":{"self":[{"href":"https:\/\/theearthcube.org\/pt-pt\/wp-json\/wp\/v2\/pages\/418","targetHints":{"allow":["GET"]}}],"collection":[{"href":"https:\/\/theearthcube.org\/pt-pt\/wp-json\/wp\/v2\/pages"}],"about":[{"href":"https:\/\/theearthcube.org\/pt-pt\/wp-json\/wp\/v2\/types\/page"}],"author":[{"embeddable":true,"href":"https:\/\/theearthcube.org\/pt-pt\/wp-json\/wp\/v2\/users\/3"}],"replies":[{"embeddable":true,"href":"https:\/\/theearthcube.org\/pt-pt\/wp-json\/wp\/v2\/comments?post=418"}],"version-history":[{"count":7,"href":"https:\/\/theearthcube.org\/pt-pt\/wp-json\/wp\/v2\/pages\/418\/revisions"}],"predecessor-version":[{"id":1733,"href":"https:\/\/theearthcube.org\/pt-pt\/wp-json\/wp\/v2\/pages\/418\/revisions\/1733"}],"wp:featuredmedia":[{"embeddable":true,"href":"https:\/\/theearthcube.org\/pt-pt\/wp-json\/wp\/v2\/media\/854"}],"wp:attachment":[{"href":"https:\/\/theearthcube.org\/pt-pt\/wp-json\/wp\/v2\/media?parent=418"}],"curies":[{"name":"wp","href":"https:\/\/api.w.org\/{rel}","templated":true}]}}