{"id":431,"date":"2016-11-28T13:40:03","date_gmt":"2016-11-28T18:40:03","guid":{"rendered":"https:\/\/theearthcube.org\/pt-pt\/?page_id=431"},"modified":"2020-11-24T10:12:18","modified_gmt":"2020-11-24T15:12:18","slug":"descarregar-compras","status":"publish","type":"page","link":"https:\/\/theearthcube.org\/pt-pt\/descarregar-compras\/","title":{"rendered":"Informa\u00e7\u00f5es sobre compras"},"content":{"rendered":"\n<p>El Dado Terra (The Earth Cube<sup>\u00ae<\/sup>) em breve estar\u00e1 dispon\u00edvel tamb\u00e9m fora dos Estados Unidos.<\/p>\n\n\n\n<p>Faz o download de um dado desdobr\u00e1vel ou completa a brochura.<\/p>\n\n\n\n<div class=\"wp-block-columns is-layout-flex wp-container-core-columns-is-layout-9d6595d7 wp-block-columns-is-layout-flex\">\n<div class=\"wp-block-column is-layout-flow wp-block-column-is-layout-flow\">\n<div class=\"wp-block-image wp-image-295 size-full\"><figure class=\"alignleft size-large\"><a href=\"https:\/\/theearthcube.org\/media\/the-earth-cube-flier-pt-pt.pdf\"><img loading=\"lazy\" decoding=\"async\" width=\"600\" height=\"388\" src=\"https:\/\/theearthcube.org\/media\/earth-cube-flier-pt-pt-4.jpg\" alt=\"\" class=\"wp-image-2223\" srcset=\"https:\/\/theearthcube.org\/media\/earth-cube-flier-pt-pt-4.jpg 600w, https:\/\/theearthcube.org\/media\/earth-cube-flier-pt-pt-4-300x194.jpg 300w\" sizes=\"auto, (max-width: 600px) 100vw, 600px\" \/><\/a><figcaption>um dado desdobr\u00e1vel<\/figcaption><\/figure><\/div>\n<\/div>\n\n\n\n<div class=\"wp-block-column is-layout-flow wp-block-column-is-layout-flow\">\n<div class=\"wp-block-image wp-image-324 size-medium\"><figure class=\"alignleft size-medium\"><a href=\"https:\/\/theearthcube.org\/media\/the-earth-cube-brochure-folded-pt-pt.pdf\"><img loading=\"lazy\" decoding=\"async\" width=\"242\" height=\"300\" src=\"https:\/\/theearthcube.org\/media\/earth-cube-brochure-pt-pt-242x300.jpg\" alt=\"\" class=\"wp-image-2230\" srcset=\"https:\/\/theearthcube.org\/media\/earth-cube-brochure-pt-pt-242x300.jpg 242w, https:\/\/theearthcube.org\/media\/earth-cube-brochure-pt-pt.jpg 445w\" sizes=\"auto, (max-width: 242px) 100vw, 242px\" \/><\/a><figcaption>completa a brochura<\/figcaption><\/figure><\/div>\n<\/div>\n<\/div>\n","protected":false},"excerpt":{"rendered":"<p>Queres ter o teu pr\u00f3prio dado?  <br \/>Faz o download do dado desdobr\u00e1vel e completa a brochura:<\/p>\n<p><a href=\"https:\/\/theearthcube.org\/pt-pt\/descarregar-compras\/\" rel=\"\"><img loading=\"lazy\" decoding=\"async\" class=\"wp-image-295 size-full\" src=\"https:\/\/theearthcube.org\/media\/earth-cube-flier-pt.jpg\" alt=\"earth-cube-flier-pt\" width=\"400\" height=\"259\" \/><\/a><\/p>\n","protected":false},"author":3,"featured_media":847,"parent":0,"menu_order":0,"comment_status":"closed","ping_status":"closed","template":"","meta":{"_genesis_hide_title":false,"_genesis_hide_breadcrumbs":false,"_genesis_hide_singular_image":false,"_genesis_hide_footer_widgets":false,"_genesis_custom_body_class":"","_genesis_custom_post_class":"","_genesis_layout":"full-width-content","footnotes":""},"class_list":{"0":"post-431","1":"page","2":"type-page","3":"status-publish","4":"has-post-thumbnail","6":"entry"},"jetpack_sharing_enabled":true,"_links":{"self":[{"href":"https:\/\/theearthcube.org\/pt-pt\/wp-json\/wp\/v2\/pages\/431","targetHints":{"allow":["GET"]}}],"collection":[{"href":"https:\/\/theearthcube.org\/pt-pt\/wp-json\/wp\/v2\/pages"}],"about":[{"href":"https:\/\/theearthcube.org\/pt-pt\/wp-json\/wp\/v2\/types\/page"}],"author":[{"embeddable":true,"href":"https:\/\/theearthcube.org\/pt-pt\/wp-json\/wp\/v2\/users\/3"}],"replies":[{"embeddable":true,"href":"https:\/\/theearthcube.org\/pt-pt\/wp-json\/wp\/v2\/comments?post=431"}],"version-history":[{"count":15,"href":"https:\/\/theearthcube.org\/pt-pt\/wp-json\/wp\/v2\/pages\/431\/revisions"}],"predecessor-version":[{"id":2248,"href":"https:\/\/theearthcube.org\/pt-pt\/wp-json\/wp\/v2\/pages\/431\/revisions\/2248"}],"wp:featuredmedia":[{"embeddable":true,"href":"https:\/\/theearthcube.org\/pt-pt\/wp-json\/wp\/v2\/media\/847"}],"wp:attachment":[{"href":"https:\/\/theearthcube.org\/pt-pt\/wp-json\/wp\/v2\/media?parent=431"}],"curies":[{"name":"wp","href":"https:\/\/api.w.org\/{rel}","templated":true}]}}